{"id":59380,"date":"2026-04-24T21:22:34","date_gmt":"2026-04-24T19:22:34","guid":{"rendered":"https:\/\/merxfy.com\/gemme-di-venini-2\/"},"modified":"2026-04-24T21:22:34","modified_gmt":"2026-04-24T19:22:34","slug":"gemme-di-venini-2","status":"publish","type":"product","link":"https:\/\/merxfy.com\/it\/gemme-di-venini-2\/","title":{"rendered":"Gemme di Venini"},"content":{"rendered":"<p>Il Vaso Gemme di Venini \u00e8 un piccolo ma sorprendente oggetto decorativo che celebra l&#8217;arte della lavorazione tradizionale del vetro di Murano. Ispirata dalla brillantezza e dalla purezza delle pietre preziose, la collezione Gemme trasforma il vetro fuso in oggetti radiosi che catturano luce, colore e trasparenza con eccezionale eleganza. <\/p>\n<p>Realizzato a mano da esperti maestri del vetro, questo vaso \u00e8 realizzato utilizzando la rinomata tecnica Balloton, un metodo storico di soffiatura del vetro che consiste nel soffiare il vetro fuso in uno stampo metallico inciso con punte a forma di piramide. Questo processo crea un motivo unico a rilievo crociziale sulla superficie, producendo riflessi straordinari ed effetti ottici che esaltano la bellezza del vetro. <\/p>\n<p>Il risultato \u00e8 un pezzo decorativo che sembra quasi una gemma lucidata \u2014 compatto, luminoso e ricco di texture. Ogni vaso \u00e8 realizzato singolarmente, rendendo ogni pezzo sottilmente unico, con lievi variazioni che riflettono l&#8217;autenticit\u00e0 della produzione artigianale. <\/p>\n<p>Perfetto come oggetto decorativo autonomo o abbinato ad altri pezzi della collezione Gemme, questo vaso aggiunge un tocco di raffinata maestria italiana a qualsiasi spazio interno.<\/p>\n","protected":false},"excerpt":{"rendered":"<p>Il vaso Venini Gemme (FO310033000B0BL) \u00e8 un pezzo decorativo raffinato realizzato in vetro di Murano soffiato a mano. Realizzato con la tradizionale tecnica Balloton, la superficie presenta una caratteristica texture a rilievo crociziale che riflette magnificamente la luce. Ispirato alla brillantezza delle pietre preziose, questo elegante vaso unisce artigianalit\u00e0 artigianale a design contemporaneo. Con le sue proporzioni compatte e il tonalit\u00e0 grigio luminoso, \u00e8 perfetto come accento sofisticato per interni moderni o come oggetto di design da collezione.<\/p>\n","protected":false},"featured_media":59353,"comment_status":"open","ping_status":"closed","template":"","meta":[],"product_brand":[],"product_cat":[1430],"product_tag":[],"class_list":{"0":"post-59380","1":"product","2":"type-product","3":"status-publish","4":"has-post-thumbnail","6":"product_cat-vasi","7":"pa_brand-venini-it","9":"first","10":"instock","11":"taxable","12":"shipping-taxable","13":"purchasable","14":"product-type-variable","15":"has-default-attributes"},"_links":{"self":[{"href":"https:\/\/merxfy.com\/it\/wp-json\/wp\/v2\/product\/59380","targetHints":{"allow":["GET"]}}],"collection":[{"href":"https:\/\/merxfy.com\/it\/wp-json\/wp\/v2\/product"}],"about":[{"href":"https:\/\/merxfy.com\/it\/wp-json\/wp\/v2\/types\/product"}],"replies":[{"embeddable":true,"href":"https:\/\/merxfy.com\/it\/wp-json\/wp\/v2\/comments?post=59380"}],"version-history":[{"count":0,"href":"https:\/\/merxfy.com\/it\/wp-json\/wp\/v2\/product\/59380\/revisions"}],"wp:featuredmedia":[{"embeddable":true,"href":"https:\/\/merxfy.com\/it\/wp-json\/wp\/v2\/media\/59353"}],"wp:attachment":[{"href":"https:\/\/merxfy.com\/it\/wp-json\/wp\/v2\/media?parent=59380"}],"wp:term":[{"taxonomy":"product_brand","embeddable":true,"href":"https:\/\/merxfy.com\/it\/wp-json\/wp\/v2\/product_brand?post=59380"},{"taxonomy":"product_cat","embeddable":true,"href":"https:\/\/merxfy.com\/it\/wp-json\/wp\/v2\/product_cat?post=59380"},{"taxonomy":"product_tag","embeddable":true,"href":"https:\/\/merxfy.com\/it\/wp-json\/wp\/v2\/product_tag?post=59380"}],"curies":[{"name":"wp","href":"https:\/\/api.w.org\/{rel}","templated":true}]}}