{"id":56263,"date":"2025-08-19T13:59:52","date_gmt":"2025-08-19T13:59:52","guid":{"rendered":"https:\/\/merxfy.com\/juliarte-gorila-scultura-gorilla-m\/"},"modified":"2025-08-19T13:59:52","modified_gmt":"2025-08-19T13:59:52","slug":"juliarte-gorila-scultura-gorilla-m","status":"publish","type":"product","link":"https:\/\/merxfy.com\/it\/juliarte-gorila-scultura-gorilla-m\/","title":{"rendered":"Juliarte GORILA \u2013 Scultura Gorilla M"},"content":{"rendered":"<p>Scopri la Scultura Gorilla di Juliarte Medium (M), una sorprendente espressione di design Pop Art e artigianalit\u00e0 di pregio. Ogni pezzo viene realizzato con una robusta miscela di polvere di pietra e fibre di vetro, quindi decorato interamente a mano, cos\u00ec da offrire sempre un esemplare unico e ricco di colore.<br \/>Questa edizione Medium della collezione Juliarte si distingue come statement piece capace di unire personalit\u00e0, energia artistica e forte impatto visivo in qualsiasi contesto d\u2019arredo. <\/p>\n<p>Disponibile in una vasta gamma di finiture audaci: Rosa, Rosso, Verde, Giallo, Bianco, Nero, Argento, Oro, SHE, PICASSO e Nero\/Oro, ogni Scultura Gorilla di Juliarte sfoggia una tavolozza vivace che ne esalta l\u2019impatto visivo, trasformandola in un complemento d\u2019arredo di grande personalit\u00e0 e fascino contemporaneo.<\/p>\n<p>Con dimensioni di circa 60 \u00d7 45 \u00d7 62 cm, la Scultura Gorilla Medium (M) di Juliarte raggiunge il perfetto equilibrio tra presenza scenica e versatilit\u00e0. Ideale da collocare a terra, su consolle o come protagonista in angoli decorativi di impatto, questa edizione unisce un\u2019estetica al tempo stesso giocosa e raffinata, portando un tocco di originalit\u00e0 artistica negli interni contemporanei. <\/p>\n<p>Lascia che la Scultura Gorilla di Juliarte diventi il punto focale accattivante della tua casa o del tuo ufficio, combinando un design audace con una personalit\u00e0 inconfondibile.<\/p>\n","protected":false},"excerpt":{"rendered":"<p>Un&#8217; audace versione Medium (M) della iconica Scultura Gorilla di Juliarte, realizzata artigianalmente in polvere di pietra e fibra di vetro e decorata a mano con vivaci dettagli in stile Pop Art. Con dimensioni di circa 60 \u00d7 45 \u00d7 62 cm, questo pezzo da collezione colorato dona fascino artistico e carattere a qualsiasi ambiente, trasformandosi in un elemento decorativo di forte impatto visivo e contemporaneo. <\/p>\n","protected":false},"featured_media":55440,"comment_status":"open","ping_status":"closed","template":"","meta":[],"product_brand":[],"product_cat":[1440,1429,1453,1462],"product_tag":[],"class_list":{"0":"post-56263","1":"product","2":"type-product","3":"status-publish","4":"has-post-thumbnail","6":"product_cat-trend","7":"product_cat-accessori","8":"product_cat-lifestyle-it","9":"product_cat-oggetti-decorativi","10":"pa_brand-juliarte-it","11":"wcpa_has_options","13":"first","14":"instock","15":"taxable","16":"shipping-taxable","17":"purchasable","18":"product-type-variable","19":"has-default-attributes"},"_links":{"self":[{"href":"https:\/\/merxfy.com\/it\/wp-json\/wp\/v2\/product\/56263","targetHints":{"allow":["GET"]}}],"collection":[{"href":"https:\/\/merxfy.com\/it\/wp-json\/wp\/v2\/product"}],"about":[{"href":"https:\/\/merxfy.com\/it\/wp-json\/wp\/v2\/types\/product"}],"replies":[{"embeddable":true,"href":"https:\/\/merxfy.com\/it\/wp-json\/wp\/v2\/comments?post=56263"}],"version-history":[{"count":0,"href":"https:\/\/merxfy.com\/it\/wp-json\/wp\/v2\/product\/56263\/revisions"}],"wp:featuredmedia":[{"embeddable":true,"href":"https:\/\/merxfy.com\/it\/wp-json\/wp\/v2\/media\/55440"}],"wp:attachment":[{"href":"https:\/\/merxfy.com\/it\/wp-json\/wp\/v2\/media?parent=56263"}],"wp:term":[{"taxonomy":"product_brand","embeddable":true,"href":"https:\/\/merxfy.com\/it\/wp-json\/wp\/v2\/product_brand?post=56263"},{"taxonomy":"product_cat","embeddable":true,"href":"https:\/\/merxfy.com\/it\/wp-json\/wp\/v2\/product_cat?post=56263"},{"taxonomy":"product_tag","embeddable":true,"href":"https:\/\/merxfy.com\/it\/wp-json\/wp\/v2\/product_tag?post=56263"}],"curies":[{"name":"wp","href":"https:\/\/api.w.org\/{rel}","templated":true}]}}