{"id":56239,"date":"2025-08-19T14:39:30","date_gmt":"2025-08-19T14:39:30","guid":{"rendered":"https:\/\/merxfy.com\/juliarte-gorila-scultura-gorilla-xs\/"},"modified":"2025-08-19T14:39:30","modified_gmt":"2025-08-19T14:39:30","slug":"juliarte-gorila-scultura-gorilla-xs","status":"publish","type":"product","link":"https:\/\/merxfy.com\/it\/juliarte-gorila-scultura-gorilla-xs\/","title":{"rendered":"Juliarte GORILA \u2013 Scultura Gorilla XS"},"content":{"rendered":"<p>La scultura Gorilla Extra Small di Juliarte (XS) \u00e8 un\u2019espressione vivace di Pop Art e alta artigianalit\u00e0. Ogni mini scultura nasce da una robusta miscela di polvere di pietra e fibra di vetro, poi viene decorata interamente a mano, cos\u00ec ogni esemplare Juliarte \u00e8 un pezzo unico da collezione. Disponibile in una selezione di finiture audaci e artistiche: Rosa, Rosso, Verde, Giallo, Bianco, Nero, Argento, Oro, SHE, PICASSO e Nero\/Oro per aggiunge carattere, colore e stile raffinato a qualsiasi ambiente. Se cerchi una mini scultura Pop Art compatta ma d\u2019impatto, Juliarte \u00e8 la scelta perfetta.  <\/p>\n<p>Compatta ma ricca di carattere, la Scultura Gorilla di Juliarte XS misura 20 \u00d7 15 \u00d7 23 cm, una dimensione perfetta per valorizzare anche gli spazi pi\u00f9 ridotti garantendo il massimo impatto visivo. Che sia esposta su scrivania, mensola o tavolino, questa mini scultura trasmette fascino artistico e stile contemporaneo, conquistando ogni appassionato di d\u00e9cor e collezionismo. <\/p>\n","protected":false},"excerpt":{"rendered":"<p>Una versione vivace e originale in formato Extra Small (XS) della Scultura Gorilla di Juliarte, realizzata artigianalmente con una miscela di polvere di pietra e fibra di vetro e rifinita con dettagli dipinti a mano in stile Pop Art. Con le sue dimensioni compatte di circa 20 \u00d7 15 \u00d7 23 cm, questa mini scultura da collezione porta un\u2019eleganza giocosa su scrivanie, librerie o piccoli spazi espositivi, aggiungendo carattere e colore in perfetto stile Juliarte. <\/p>\n","protected":false},"featured_media":55430,"comment_status":"open","ping_status":"closed","template":"","meta":[],"product_brand":[],"product_cat":[1453,1429,1462,1440],"product_tag":[],"class_list":{"0":"post-56239","1":"product","2":"type-product","3":"status-publish","4":"has-post-thumbnail","6":"product_cat-lifestyle-it","7":"product_cat-accessori","8":"product_cat-oggetti-decorativi","9":"product_cat-trend","10":"pa_brand-juliarte-it","11":"wcpa_has_options","13":"first","14":"instock","15":"taxable","16":"shipping-taxable","17":"purchasable","18":"product-type-variable","19":"has-default-attributes"},"_links":{"self":[{"href":"https:\/\/merxfy.com\/it\/wp-json\/wp\/v2\/product\/56239","targetHints":{"allow":["GET"]}}],"collection":[{"href":"https:\/\/merxfy.com\/it\/wp-json\/wp\/v2\/product"}],"about":[{"href":"https:\/\/merxfy.com\/it\/wp-json\/wp\/v2\/types\/product"}],"replies":[{"embeddable":true,"href":"https:\/\/merxfy.com\/it\/wp-json\/wp\/v2\/comments?post=56239"}],"version-history":[{"count":0,"href":"https:\/\/merxfy.com\/it\/wp-json\/wp\/v2\/product\/56239\/revisions"}],"wp:featuredmedia":[{"embeddable":true,"href":"https:\/\/merxfy.com\/it\/wp-json\/wp\/v2\/media\/55430"}],"wp:attachment":[{"href":"https:\/\/merxfy.com\/it\/wp-json\/wp\/v2\/media?parent=56239"}],"wp:term":[{"taxonomy":"product_brand","embeddable":true,"href":"https:\/\/merxfy.com\/it\/wp-json\/wp\/v2\/product_brand?post=56239"},{"taxonomy":"product_cat","embeddable":true,"href":"https:\/\/merxfy.com\/it\/wp-json\/wp\/v2\/product_cat?post=56239"},{"taxonomy":"product_tag","embeddable":true,"href":"https:\/\/merxfy.com\/it\/wp-json\/wp\/v2\/product_tag?post=56239"}],"curies":[{"name":"wp","href":"https:\/\/api.w.org\/{rel}","templated":true}]}}