{"id":56149,"date":"2025-08-20T09:01:25","date_gmt":"2025-08-20T09:01:25","guid":{"rendered":"https:\/\/merxfy.com\/juliarte-teddy-bear-m\/"},"modified":"2025-08-20T09:01:25","modified_gmt":"2025-08-20T09:01:25","slug":"juliarte-teddy-bear-m","status":"publish","type":"product","link":"https:\/\/merxfy.com\/it\/juliarte-teddy-bear-m\/","title":{"rendered":"Juliarte TEDDY BEAR M"},"content":{"rendered":"<p>Scopri il fascino creativo della scultura Teddy Bear Medium di Juliarte (M). Questo oggetto da collezione d\u2019impatto visivo unisce creativit\u00e0 artistica e maestria artigianale, realizzato in un resistente mix di polvere di pietra e fibra di vetro e interamente decorato a mano, garantendo che ogni pezzo sia veramente unico nel suo genere. <\/p>\n<p>Disponibile in una variegata gamma di finiture vivaci, tra cui Rosso, Giallo, Verde, Rosa, Nero, Bianco, Metallic Lilac, Argento, Oro, PAT-POP, SWEETY, PICASSO e SHE, questo Teddy Bear di Juliarte rappresenta una forte espressione dell\u2019estetica Pop Art.<\/p>\n<p>Con generose dimensioni di 55 \u00d7 50 \u00d7 62 cm, questa scultura di taglia M della collezione Teddy Bear di Juliarte offre un forte impatto visivo senza mai appesantire lo spazio. Perfetta da posizionare a terra, in nicchie o come elemento decorativo centrale in ingressi, soggiorni o uffici, il suo design vivace e la palette di colori brillante infondono a qualsiasi ambiente calore, divertimento e stile di grande impatto.  <\/p>\n","protected":false},"excerpt":{"rendered":"<p>Una versione vivace Medium (M) della scultura Teddy Bear di Juliarte, realizzata a mano in resistente mix di polvere di pietra e fibra di vetro e interamente dipinta a mano con i colori brillanti e giocosi della Pop Art. Con dimensioni di circa 55 \u00d7 50 \u00d7 62 cm, aggiunge colore e personalit\u00e0 a qualsiasi interno contemporaneo. <\/p>\n","protected":false},"featured_media":55607,"comment_status":"open","ping_status":"closed","template":"","meta":[],"product_brand":[],"product_cat":[1453,1429,1462,1440],"product_tag":[],"class_list":{"0":"post-56149","1":"product","2":"type-product","3":"status-publish","4":"has-post-thumbnail","6":"product_cat-lifestyle-it","7":"product_cat-accessori","8":"product_cat-oggetti-decorativi","9":"product_cat-trend","10":"pa_brand-juliarte-it","11":"wcpa_has_options","13":"first","14":"instock","15":"taxable","16":"shipping-taxable","17":"purchasable","18":"product-type-variable","19":"has-default-attributes"},"_links":{"self":[{"href":"https:\/\/merxfy.com\/it\/wp-json\/wp\/v2\/product\/56149","targetHints":{"allow":["GET"]}}],"collection":[{"href":"https:\/\/merxfy.com\/it\/wp-json\/wp\/v2\/product"}],"about":[{"href":"https:\/\/merxfy.com\/it\/wp-json\/wp\/v2\/types\/product"}],"replies":[{"embeddable":true,"href":"https:\/\/merxfy.com\/it\/wp-json\/wp\/v2\/comments?post=56149"}],"version-history":[{"count":0,"href":"https:\/\/merxfy.com\/it\/wp-json\/wp\/v2\/product\/56149\/revisions"}],"wp:featuredmedia":[{"embeddable":true,"href":"https:\/\/merxfy.com\/it\/wp-json\/wp\/v2\/media\/55607"}],"wp:attachment":[{"href":"https:\/\/merxfy.com\/it\/wp-json\/wp\/v2\/media?parent=56149"}],"wp:term":[{"taxonomy":"product_brand","embeddable":true,"href":"https:\/\/merxfy.com\/it\/wp-json\/wp\/v2\/product_brand?post=56149"},{"taxonomy":"product_cat","embeddable":true,"href":"https:\/\/merxfy.com\/it\/wp-json\/wp\/v2\/product_cat?post=56149"},{"taxonomy":"product_tag","embeddable":true,"href":"https:\/\/merxfy.com\/it\/wp-json\/wp\/v2\/product_tag?post=56149"}],"curies":[{"name":"wp","href":"https:\/\/api.w.org\/{rel}","templated":true}]}}