{"id":56025,"date":"2025-08-21T07:56:45","date_gmt":"2025-08-21T07:56:45","guid":{"rendered":"https:\/\/merxfy.com\/juliarte-balloon-dog-m\/"},"modified":"2025-08-21T07:56:45","modified_gmt":"2025-08-21T07:56:45","slug":"juliarte-balloon-dog-m","status":"publish","type":"product","link":"https:\/\/merxfy.com\/it\/juliarte-balloon-dog-m\/","title":{"rendered":"Juliarte BALLOON DOG M"},"content":{"rendered":"<p>Celebra giocosit\u00e0 e artigianalit\u00e0 con la scultura Balloon Dog Medium di Juliarte (M). Ogni pezzo straordinario \u00e8 realizzato a mano con un resistente mix di polvere di pietra e fibra di vetro, quindi dipinto a mano in una gamma di colori vivaci come Bianco, Giallo, Verde, Rosa, Nero, Rosso, Blu Metallic, Argento, Oro, PAT POP, SHE, SWEETY, NATURE e PICASSO, assicurando che ogni scultura abbia una personalit\u00e0 unica ed espressiva. <\/p>\n<p>Con dimensioni di 52 \u00d7 15 \u00d7 50 cm, questa scultura Medium (M) Balloon Dog di Juliarte raggiunge il perfetto equilibrio: abbastanza compatta da posizionarsi elegantemente su una mensola o un tavolino, ma sufficientemente grande da catturare l\u2019attenzione con la sua forma audace. \u00c8 un elemento decorativo ideale che porta energia vivace, creativit\u00e0 artistica e un tocco di sofisticata giocosit\u00e0 in qualsiasi ambiente, dal soggiorno all\u2019ufficio o a una galleria. <\/p>\n","protected":false},"excerpt":{"rendered":"<p>La scultura Balloon Dog Medium di Juliarte (M) \u00e8 un gioioso oggetto da collezione in stile Pop Art, realizzato a mano con un resistente mix di polvere di pietra e fibra di vetro e rifinito con colori vivaci applicati artigianalmente. Con dimensioni di 52 \u00d7 15 \u00d7 50 cm, aggiunge eleganza giocosa e carattere a qualsiasi interno moderno. <\/p>\n","protected":false},"featured_media":55856,"comment_status":"open","ping_status":"closed","template":"","meta":[],"product_brand":[],"product_cat":[1453,1429,1462,1440],"product_tag":[],"class_list":{"0":"post-56025","1":"product","2":"type-product","3":"status-publish","4":"has-post-thumbnail","6":"product_cat-lifestyle-it","7":"product_cat-accessori","8":"product_cat-oggetti-decorativi","9":"product_cat-trend","10":"pa_brand-juliarte-it","11":"wcpa_has_options","13":"first","14":"instock","15":"taxable","16":"shipping-taxable","17":"purchasable","18":"product-type-variable","19":"has-default-attributes"},"_links":{"self":[{"href":"https:\/\/merxfy.com\/it\/wp-json\/wp\/v2\/product\/56025","targetHints":{"allow":["GET"]}}],"collection":[{"href":"https:\/\/merxfy.com\/it\/wp-json\/wp\/v2\/product"}],"about":[{"href":"https:\/\/merxfy.com\/it\/wp-json\/wp\/v2\/types\/product"}],"replies":[{"embeddable":true,"href":"https:\/\/merxfy.com\/it\/wp-json\/wp\/v2\/comments?post=56025"}],"version-history":[{"count":0,"href":"https:\/\/merxfy.com\/it\/wp-json\/wp\/v2\/product\/56025\/revisions"}],"wp:featuredmedia":[{"embeddable":true,"href":"https:\/\/merxfy.com\/it\/wp-json\/wp\/v2\/media\/55856"}],"wp:attachment":[{"href":"https:\/\/merxfy.com\/it\/wp-json\/wp\/v2\/media?parent=56025"}],"wp:term":[{"taxonomy":"product_brand","embeddable":true,"href":"https:\/\/merxfy.com\/it\/wp-json\/wp\/v2\/product_brand?post=56025"},{"taxonomy":"product_cat","embeddable":true,"href":"https:\/\/merxfy.com\/it\/wp-json\/wp\/v2\/product_cat?post=56025"},{"taxonomy":"product_tag","embeddable":true,"href":"https:\/\/merxfy.com\/it\/wp-json\/wp\/v2\/product_tag?post=56025"}],"curies":[{"name":"wp","href":"https:\/\/api.w.org\/{rel}","templated":true}]}}