{"id":55227,"date":"2025-08-10T14:07:40","date_gmt":"2025-08-10T14:07:40","guid":{"rendered":"https:\/\/merxfy.com\/set-da-poker-lamborghini-by-impatia\/"},"modified":"2025-08-10T14:07:40","modified_gmt":"2025-08-10T14:07:40","slug":"set-da-poker-lamborghini-by-impatia","status":"publish","type":"product","link":"https:\/\/merxfy.com\/it\/set-da-poker-lamborghini-by-impatia\/","title":{"rendered":"Set da Poker Lamborghini by Impatia"},"content":{"rendered":"<p>Vivi il lusso con il set da poker firmato Tonino Lamborghini di Impatia, un capolavoro artigianale realizzato in Italia. Realizzato in pelle pregiata e vetro extra chiaro inciso con l\u2019iconico logo Lamborghini, questo set unisce materiali sofisticati a una lavorazione meticolosa. Presenta dettagli in metallo cromato che aggiungono un tocco di eleganza. Compatto ma raffinato, misura 35,6 \u00d7 35,6 \u00d7 6,5 cm (14 \u00d7 14 \u00d7 2,5 pollici) e pesa 8 kg (17 libbre), offrendo il perfetto equilibrio tra portabilit\u00e0 e presenza scenica. Completo di tutti gli accessori essenziali: un mazzo di carte, il bottone del mazziere, cinque dadi e un set completo di fiches, questo set da poker trasforma ogni partita in un evento raffinato.  <\/p>\n","protected":false},"excerpt":{"rendered":"<p>Il set da Poker firmato Tonino Lamborghini di Impatia unisce l\u2019artigianalit\u00e0 italiana a materiali di lusso e include tutti gli accessori per un\u2019esperienza di poker esclusiva.<\/p>\n","protected":false},"featured_media":55193,"comment_status":"open","ping_status":"closed","template":"","meta":[],"product_brand":[],"product_cat":[1429,1452,1453,1440],"product_tag":[],"class_list":{"0":"post-55227","1":"product","2":"type-product","3":"status-publish","4":"has-post-thumbnail","6":"product_cat-accessori","7":"product_cat-giochi-e-fitness","8":"product_cat-lifestyle-it","9":"product_cat-trend","10":"pa_brand-impatia-it","11":"wcpa_has_options","13":"first","14":"instock","15":"taxable","16":"shipping-taxable","17":"purchasable","18":"product-type-simple"},"_links":{"self":[{"href":"https:\/\/merxfy.com\/it\/wp-json\/wp\/v2\/product\/55227","targetHints":{"allow":["GET"]}}],"collection":[{"href":"https:\/\/merxfy.com\/it\/wp-json\/wp\/v2\/product"}],"about":[{"href":"https:\/\/merxfy.com\/it\/wp-json\/wp\/v2\/types\/product"}],"replies":[{"embeddable":true,"href":"https:\/\/merxfy.com\/it\/wp-json\/wp\/v2\/comments?post=55227"}],"version-history":[{"count":0,"href":"https:\/\/merxfy.com\/it\/wp-json\/wp\/v2\/product\/55227\/revisions"}],"wp:featuredmedia":[{"embeddable":true,"href":"https:\/\/merxfy.com\/it\/wp-json\/wp\/v2\/media\/55193"}],"wp:attachment":[{"href":"https:\/\/merxfy.com\/it\/wp-json\/wp\/v2\/media?parent=55227"}],"wp:term":[{"taxonomy":"product_brand","embeddable":true,"href":"https:\/\/merxfy.com\/it\/wp-json\/wp\/v2\/product_brand?post=55227"},{"taxonomy":"product_cat","embeddable":true,"href":"https:\/\/merxfy.com\/it\/wp-json\/wp\/v2\/product_cat?post=55227"},{"taxonomy":"product_tag","embeddable":true,"href":"https:\/\/merxfy.com\/it\/wp-json\/wp\/v2\/product_tag?post=55227"}],"curies":[{"name":"wp","href":"https:\/\/api.w.org\/{rel}","templated":true}]}}