{"id":54982,"date":"2025-07-07T13:57:17","date_gmt":"2025-07-07T13:57:17","guid":{"rendered":"https:\/\/merxfy.com\/ethimo-tavolo-rettangolare-da-esterni-knit-200100-cm\/"},"modified":"2025-07-07T13:57:17","modified_gmt":"2025-07-07T13:57:17","slug":"ethimo-tavolo-rettangolare-da-esterni-knit-200100-cm","status":"publish","type":"product","link":"https:\/\/merxfy.com\/it\/ethimo-tavolo-rettangolare-da-esterni-knit-200100-cm\/","title":{"rendered":"Ethimo Tavolo Rettangolare da Esterni Knit 200*100 cm"},"content":{"rendered":"<p>Realizzato interamente in teak naturale o decapato con certificazione FSC, il tavolo da pranzo rettangolare KNIT unisce resistenza duratura ed estetica essenziale, per un\u2019eleganza che attraversa il tempo.<\/p>\n<p>Disponibile nella misura standard da 200\u202f\u00d7\u202f100\u202f\u00d7\u202f76\u202fcm e in una versione XL da 263\u202f\u00d7\u202f110\u202f\u00d7\u202f76\u202fcm, si distingue per le sue quattro gambe leggermente rastremate che valorizzano il profilo moderno e pulito, garantendo al contempo solidit\u00e0 e stabilit\u00e0. La visione del designer Patrick Norguet si traduce in un equilibrio perfetto tra estetica, funzionalit\u00e0 ed ergonomia, dando vita a un arredo versatile, capace di integrarsi armoniosamente in contesti outdoor diversi.<br \/>Con la sua linea minimalista e i materiali naturali e resistenti, il tavolo KNIT \u00e8 pensato per vivere momenti di convivialit\u00e0 all\u2019aperto con stile, donando a giardini e terrazze un fascino autentico e sofisticato.  <\/p>\n","protected":false},"excerpt":{"rendered":"<p>Il tavolo da pranzo rettangolare KNIT di Ethimo, disegnato da Patrick Norguet, \u00e8 un raffinato tavolo da esterno in teak che si distingue per le linee pulite e l\u2019eleganza minimalista. Una soluzione ideale per arredare con stile le aree dining di giardini moderni o terrazze contemporanee.<\/p>\n","protected":false},"featured_media":54904,"comment_status":"open","ping_status":"closed","template":"","meta":[],"product_brand":[],"product_cat":[1449,1445],"product_tag":[],"class_list":{"0":"post-54982","1":"product","2":"type-product","3":"status-publish","4":"has-post-thumbnail","6":"product_cat-esterni","7":"product_cat-tavoli","8":"pa_brand-ethimo","9":"wcpa_has_options","11":"first","12":"instock","13":"taxable","14":"shipping-taxable","15":"purchasable","16":"product-type-variable","17":"has-default-attributes"},"_links":{"self":[{"href":"https:\/\/merxfy.com\/it\/wp-json\/wp\/v2\/product\/54982","targetHints":{"allow":["GET"]}}],"collection":[{"href":"https:\/\/merxfy.com\/it\/wp-json\/wp\/v2\/product"}],"about":[{"href":"https:\/\/merxfy.com\/it\/wp-json\/wp\/v2\/types\/product"}],"replies":[{"embeddable":true,"href":"https:\/\/merxfy.com\/it\/wp-json\/wp\/v2\/comments?post=54982"}],"version-history":[{"count":0,"href":"https:\/\/merxfy.com\/it\/wp-json\/wp\/v2\/product\/54982\/revisions"}],"wp:featuredmedia":[{"embeddable":true,"href":"https:\/\/merxfy.com\/it\/wp-json\/wp\/v2\/media\/54904"}],"wp:attachment":[{"href":"https:\/\/merxfy.com\/it\/wp-json\/wp\/v2\/media?parent=54982"}],"wp:term":[{"taxonomy":"product_brand","embeddable":true,"href":"https:\/\/merxfy.com\/it\/wp-json\/wp\/v2\/product_brand?post=54982"},{"taxonomy":"product_cat","embeddable":true,"href":"https:\/\/merxfy.com\/it\/wp-json\/wp\/v2\/product_cat?post=54982"},{"taxonomy":"product_tag","embeddable":true,"href":"https:\/\/merxfy.com\/it\/wp-json\/wp\/v2\/product_tag?post=54982"}],"curies":[{"name":"wp","href":"https:\/\/api.w.org\/{rel}","templated":true}]}}