{"id":54762,"date":"2025-06-24T20:41:15","date_gmt":"2025-06-24T20:41:15","guid":{"rendered":"https:\/\/merxfy.com\/ethimo-tavolo-a-dondolo-240x100\/"},"modified":"2025-07-03T16:52:23","modified_gmt":"2025-07-03T16:52:23","slug":"ethimo-tavolo-swing-240x100","status":"publish","type":"product","link":"https:\/\/merxfy.com\/it\/ethimo-tavolo-swing-240x100\/","title":{"rendered":"Ethimo Tavolo Swing 240\u00d7100"},"content":{"rendered":"<p>Il tavolo rettangolare Swing 240\u00d7100 \u00e8 una raffinata espressione del design outdoor di Ethimo e Patrick Norguet. Caratterizzato da una struttura in alluminio verniciato a polvere in due eleganti finiture &#8211; Sepia Black e Warmwhite &#8211; e da un piano in teak naturale o decapato certificato FSC\u2122, questo tavolo raggiunge il perfetto equilibrio tra leggerezza visiva e durata strutturale. <\/p>\n","protected":false},"excerpt":{"rendered":"<p>Il tavolo rettangolare Swing (240 \u00d7 100 cm), disegnato da Patrick Norguet per Ethimo, \u00e8 caratterizzato da una struttura in alluminio verniciato a polvere nei colori Nero Seppia o Warmwhite, abbinata a un piano in teak certificato FSC\u2122. Un connubio perfetto tra eleganza contemporanea e durata all&#8217;aperto. <\/p>\n","protected":false},"featured_media":54720,"comment_status":"open","ping_status":"closed","template":"","meta":[],"product_brand":[],"product_cat":[1449,1445],"product_tag":[],"class_list":{"0":"post-54762","1":"product","2":"type-product","3":"status-publish","4":"has-post-thumbnail","6":"product_cat-esterni","7":"product_cat-tavoli","8":"pa_brand-ethimo","9":"wcpa_has_options","11":"first","12":"instock","13":"taxable","14":"shipping-taxable","15":"purchasable","16":"product-type-variable","17":"has-default-attributes"},"_links":{"self":[{"href":"https:\/\/merxfy.com\/it\/wp-json\/wp\/v2\/product\/54762","targetHints":{"allow":["GET"]}}],"collection":[{"href":"https:\/\/merxfy.com\/it\/wp-json\/wp\/v2\/product"}],"about":[{"href":"https:\/\/merxfy.com\/it\/wp-json\/wp\/v2\/types\/product"}],"replies":[{"embeddable":true,"href":"https:\/\/merxfy.com\/it\/wp-json\/wp\/v2\/comments?post=54762"}],"version-history":[{"count":3,"href":"https:\/\/merxfy.com\/it\/wp-json\/wp\/v2\/product\/54762\/revisions"}],"predecessor-version":[{"id":54830,"href":"https:\/\/merxfy.com\/it\/wp-json\/wp\/v2\/product\/54762\/revisions\/54830"}],"wp:featuredmedia":[{"embeddable":true,"href":"https:\/\/merxfy.com\/it\/wp-json\/wp\/v2\/media\/54720"}],"wp:attachment":[{"href":"https:\/\/merxfy.com\/it\/wp-json\/wp\/v2\/media?parent=54762"}],"wp:term":[{"taxonomy":"product_brand","embeddable":true,"href":"https:\/\/merxfy.com\/it\/wp-json\/wp\/v2\/product_brand?post=54762"},{"taxonomy":"product_cat","embeddable":true,"href":"https:\/\/merxfy.com\/it\/wp-json\/wp\/v2\/product_cat?post=54762"},{"taxonomy":"product_tag","embeddable":true,"href":"https:\/\/merxfy.com\/it\/wp-json\/wp\/v2\/product_tag?post=54762"}],"curies":[{"name":"wp","href":"https:\/\/api.w.org\/{rel}","templated":true}]}}