{"id":54509,"date":"2024-10-03T10:32:20","date_gmt":"2024-10-03T10:32:20","guid":{"rendered":"https:\/\/merxfy.com\/cestino-penelope-di-pinetti-1\/"},"modified":"2024-10-03T10:32:20","modified_gmt":"2024-10-03T10:32:20","slug":"cestino-penelope-di-pinetti-1","status":"publish","type":"product","link":"https:\/\/merxfy.com\/it\/cestino-penelope-di-pinetti-1\/","title":{"rendered":"Cestino Penelope di Pinetti 1"},"content":{"rendered":"<p>Un\u2019aggiunta gradita al tuo bagno.<\/p>\n<p>Un elegante cestino dalla silhouette rotonda, rivestito completamente in tessuto di cotone color avorio, arricchito da inserti in pelle conciata resistente.<br \/>Di dimensioni contenute, \u00e8 perfetto da abbinare ai cestini portabiancheria pi\u00f9 grandi della famiglia Penelope. Disponibile a stock nella raffinata colorazione caff\u00e8.  <\/p>\n","protected":false},"excerpt":{"rendered":"<p>Un\u2019aggiunta gradita al tuo bagno. Un elegante cestino dalla silhouette rotonda, rivestito completamente in tessuto di cotone color avorio, arricchito<\/p>\n","protected":false},"featured_media":37856,"comment_status":"open","ping_status":"closed","template":"","meta":[],"product_brand":[],"product_cat":[1485],"product_tag":[],"class_list":{"0":"post-54509","1":"product","2":"type-product","3":"status-publish","4":"has-post-thumbnail","6":"product_cat-stockin-stock-it","7":"pa_brand-pinetti-it","8":"wcpa_has_options","10":"first","11":"instock","12":"purchasable","13":"product-type-simple"},"_links":{"self":[{"href":"https:\/\/merxfy.com\/it\/wp-json\/wp\/v2\/product\/54509","targetHints":{"allow":["GET"]}}],"collection":[{"href":"https:\/\/merxfy.com\/it\/wp-json\/wp\/v2\/product"}],"about":[{"href":"https:\/\/merxfy.com\/it\/wp-json\/wp\/v2\/types\/product"}],"replies":[{"embeddable":true,"href":"https:\/\/merxfy.com\/it\/wp-json\/wp\/v2\/comments?post=54509"}],"version-history":[{"count":0,"href":"https:\/\/merxfy.com\/it\/wp-json\/wp\/v2\/product\/54509\/revisions"}],"wp:featuredmedia":[{"embeddable":true,"href":"https:\/\/merxfy.com\/it\/wp-json\/wp\/v2\/media\/37856"}],"wp:attachment":[{"href":"https:\/\/merxfy.com\/it\/wp-json\/wp\/v2\/media?parent=54509"}],"wp:term":[{"taxonomy":"product_brand","embeddable":true,"href":"https:\/\/merxfy.com\/it\/wp-json\/wp\/v2\/product_brand?post=54509"},{"taxonomy":"product_cat","embeddable":true,"href":"https:\/\/merxfy.com\/it\/wp-json\/wp\/v2\/product_cat?post=54509"},{"taxonomy":"product_tag","embeddable":true,"href":"https:\/\/merxfy.com\/it\/wp-json\/wp\/v2\/product_tag?post=54509"}],"curies":[{"name":"wp","href":"https:\/\/api.w.org\/{rel}","templated":true}]}}