{"id":54298,"date":"2024-10-03T10:37:26","date_gmt":"2024-10-03T10:37:26","guid":{"rendered":"https:\/\/merxfy.com\/set-da-bagno-poseidon-quadrato-di-pinetti-1\/"},"modified":"2024-10-03T10:37:26","modified_gmt":"2024-10-03T10:37:26","slug":"set-da-bagno-poseidon-quadrato-di-pinetti-1","status":"publish","type":"product","link":"https:\/\/merxfy.com\/it\/set-da-bagno-poseidon-quadrato-di-pinetti-1\/","title":{"rendered":"Set da Bagno Poseidon Quadrato di Pinetti 1"},"content":{"rendered":"<p>\u00c8 facile capire perch\u00e9 sono chiamati best seller.<\/p>\n<p>Poseidon \u00e8 il set bagno quadrato interamente rivestito in morbida pelle naturale impermeabile.<br \/>Composto dal vassoio Rialto, dispenser per sapone, portaspazzolini e porta dischetti in cotone, questo set dal design essenziale e raffinato si adatta perfettamente sia ad ambienti bagno moderni che classici.<br \/>Disponibile per spedizione immediata nella colorazione taupe.  Un design raffinato dall\u2019eleganza senza tempo.<\/p>\n","protected":false},"excerpt":{"rendered":"<p>\u00c8 facile capire perch\u00e9 sono chiamati best seller. Poseidon \u00e8 il set bagno quadrato interamente rivestito in morbida pelle naturale<\/p>\n","protected":false},"featured_media":37911,"comment_status":"open","ping_status":"closed","template":"","meta":[],"product_brand":[],"product_cat":[1485],"product_tag":[],"class_list":{"0":"post-54298","1":"product","2":"type-product","3":"status-publish","4":"has-post-thumbnail","6":"product_cat-stockin-stock-it","7":"pa_brand-pinetti-it","8":"wcpa_has_options","10":"first","11":"instock","12":"purchasable","13":"product-type-simple"},"_links":{"self":[{"href":"https:\/\/merxfy.com\/it\/wp-json\/wp\/v2\/product\/54298","targetHints":{"allow":["GET"]}}],"collection":[{"href":"https:\/\/merxfy.com\/it\/wp-json\/wp\/v2\/product"}],"about":[{"href":"https:\/\/merxfy.com\/it\/wp-json\/wp\/v2\/types\/product"}],"replies":[{"embeddable":true,"href":"https:\/\/merxfy.com\/it\/wp-json\/wp\/v2\/comments?post=54298"}],"version-history":[{"count":0,"href":"https:\/\/merxfy.com\/it\/wp-json\/wp\/v2\/product\/54298\/revisions"}],"wp:featuredmedia":[{"embeddable":true,"href":"https:\/\/merxfy.com\/it\/wp-json\/wp\/v2\/media\/37911"}],"wp:attachment":[{"href":"https:\/\/merxfy.com\/it\/wp-json\/wp\/v2\/media?parent=54298"}],"wp:term":[{"taxonomy":"product_brand","embeddable":true,"href":"https:\/\/merxfy.com\/it\/wp-json\/wp\/v2\/product_brand?post=54298"},{"taxonomy":"product_cat","embeddable":true,"href":"https:\/\/merxfy.com\/it\/wp-json\/wp\/v2\/product_cat?post=54298"},{"taxonomy":"product_tag","embeddable":true,"href":"https:\/\/merxfy.com\/it\/wp-json\/wp\/v2\/product_tag?post=54298"}],"curies":[{"name":"wp","href":"https:\/\/api.w.org\/{rel}","templated":true}]}}