{"id":53298,"date":"2024-10-01T07:22:19","date_gmt":"2024-10-01T07:22:19","guid":{"rendered":"https:\/\/merxfy.com\/pillier-armadio-basso\/"},"modified":"2025-05-18T23:19:55","modified_gmt":"2025-05-18T23:19:55","slug":"pillier-armadio-basso","status":"publish","type":"product","link":"https:\/\/merxfy.com\/it\/pillier-armadio-basso\/","title":{"rendered":"Credenza bassa Pillier di Liu Jo Living 1"},"content":{"rendered":"<p>La credenza bassa Pillier di Liu Jo Living \u00e8 molto pi\u00f9 di un semplice contenitore; \u00c8 un&#8217;opera di design che fonde tradizione e modernit\u00e0, funzione ed estetica. Con la sua forma scultorea, le finiture di pregio e la versatilit\u00e0 d&#8217;uso, Pillier diventa un elemento essenziale dell&#8217;arredamento del soggiorno contemporaneo. Che sia in versione madia o mobile, Pillier offre un perfetto equilibrio tra stile e praticit\u00e0, ponendosi come un vero e proprio pilastro in ogni spazio abitativo. La sua reinterpretazione del pilastro architettonico porta in casa una miscela unica di funzionalit\u00e0 ed espressione artistica   <\/p>\n","protected":false},"excerpt":{"rendered":"<p>La Credenza Pillier, disegnata da Simone Cagnazzo per Liu Jo Living, si pone come un elemento chiave nell&#8217;architettura del soggiorno moderno. Con la sua presenza audace e la sua doppia funzione di supporto e contenitore, Pillier combina tradizione e innovazione, reimmaginando il classico pilastro in una forma contemporanea che arricchisce qualsiasi spazio <\/p>\n","protected":false},"featured_media":37622,"comment_status":"open","ping_status":"closed","template":"","meta":[],"product_brand":[],"product_cat":[1454],"product_tag":[],"class_list":{"0":"post-53298","1":"product","2":"type-product","3":"status-publish","4":"has-post-thumbnail","6":"product_cat-madie-it","7":"pa_brand-liu-jo-living-it","8":"wcpa_has_options","10":"first","11":"instock","12":"taxable","13":"shipping-taxable","14":"purchasable","15":"product-type-variable","16":"has-default-attributes"},"_links":{"self":[{"href":"https:\/\/merxfy.com\/it\/wp-json\/wp\/v2\/product\/53298","targetHints":{"allow":["GET"]}}],"collection":[{"href":"https:\/\/merxfy.com\/it\/wp-json\/wp\/v2\/product"}],"about":[{"href":"https:\/\/merxfy.com\/it\/wp-json\/wp\/v2\/types\/product"}],"replies":[{"embeddable":true,"href":"https:\/\/merxfy.com\/it\/wp-json\/wp\/v2\/comments?post=53298"}],"version-history":[{"count":1,"href":"https:\/\/merxfy.com\/it\/wp-json\/wp\/v2\/product\/53298\/revisions"}],"predecessor-version":[{"id":53410,"href":"https:\/\/merxfy.com\/it\/wp-json\/wp\/v2\/product\/53298\/revisions\/53410"}],"wp:featuredmedia":[{"embeddable":true,"href":"https:\/\/merxfy.com\/it\/wp-json\/wp\/v2\/media\/37622"}],"wp:attachment":[{"href":"https:\/\/merxfy.com\/it\/wp-json\/wp\/v2\/media?parent=53298"}],"wp:term":[{"taxonomy":"product_brand","embeddable":true,"href":"https:\/\/merxfy.com\/it\/wp-json\/wp\/v2\/product_brand?post=53298"},{"taxonomy":"product_cat","embeddable":true,"href":"https:\/\/merxfy.com\/it\/wp-json\/wp\/v2\/product_cat?post=53298"},{"taxonomy":"product_tag","embeddable":true,"href":"https:\/\/merxfy.com\/it\/wp-json\/wp\/v2\/product_tag?post=53298"}],"curies":[{"name":"wp","href":"https:\/\/api.w.org\/{rel}","templated":true}]}}