{"id":53114,"date":"2024-10-03T11:10:17","date_gmt":"2024-10-03T11:10:17","guid":{"rendered":"https:\/\/merxfy.com\/cesto-contenitore-piccolo-hook-di-pinetti-1\/"},"modified":"2024-10-03T11:10:17","modified_gmt":"2024-10-03T11:10:17","slug":"cesto-contenitore-piccolo-hook-di-pinetti-1","status":"publish","type":"product","link":"https:\/\/merxfy.com\/it\/cesto-contenitore-piccolo-hook-di-pinetti-1\/","title":{"rendered":"Cesto Contenitore Piccolo Hook di Pinetti 1"},"content":{"rendered":"<p>Questo elegante cestino, realizzato in pelle rigenerata con tessuto interno in lino e cotone, fa parte della collezione Hook. La struttura \u00e8 composta da una griglia di cinturini in pelle che si intrecciano tra loro, mentre il tessuto borda in modo casuale lungo il perimetro. <\/p>\n<p>Utile per l\u2019uso esterno, questa versione di piccole dimensioni \u00e8 perfetta per il tuo soggiorno come porta riviste, cos\u00ec come a bordo piscina per gli asciugamani. Questo cestio \u00e8 disponibile ora nei colori bianco, crema e taupe. <\/p>\n","protected":false},"excerpt":{"rendered":"<p>Questo elegante cestino, realizzato in pelle rigenerata con tessuto interno in lino e cotone, fa parte della collezione Hook. La<\/p>\n","protected":false},"featured_media":38109,"comment_status":"open","ping_status":"closed","template":"","meta":[],"product_brand":[],"product_cat":[1485],"product_tag":[],"class_list":{"0":"post-53114","1":"product","2":"type-product","3":"status-publish","4":"has-post-thumbnail","6":"product_cat-stockin-stock-it","7":"pa_brand-pinetti-it","8":"wcpa_has_options","10":"first","11":"instock","12":"purchasable","13":"product-type-variable","14":"has-default-attributes"},"_links":{"self":[{"href":"https:\/\/merxfy.com\/it\/wp-json\/wp\/v2\/product\/53114","targetHints":{"allow":["GET"]}}],"collection":[{"href":"https:\/\/merxfy.com\/it\/wp-json\/wp\/v2\/product"}],"about":[{"href":"https:\/\/merxfy.com\/it\/wp-json\/wp\/v2\/types\/product"}],"replies":[{"embeddable":true,"href":"https:\/\/merxfy.com\/it\/wp-json\/wp\/v2\/comments?post=53114"}],"version-history":[{"count":0,"href":"https:\/\/merxfy.com\/it\/wp-json\/wp\/v2\/product\/53114\/revisions"}],"wp:featuredmedia":[{"embeddable":true,"href":"https:\/\/merxfy.com\/it\/wp-json\/wp\/v2\/media\/38109"}],"wp:attachment":[{"href":"https:\/\/merxfy.com\/it\/wp-json\/wp\/v2\/media?parent=53114"}],"wp:term":[{"taxonomy":"product_brand","embeddable":true,"href":"https:\/\/merxfy.com\/it\/wp-json\/wp\/v2\/product_brand?post=53114"},{"taxonomy":"product_cat","embeddable":true,"href":"https:\/\/merxfy.com\/it\/wp-json\/wp\/v2\/product_cat?post=53114"},{"taxonomy":"product_tag","embeddable":true,"href":"https:\/\/merxfy.com\/it\/wp-json\/wp\/v2\/product_tag?post=53114"}],"curies":[{"name":"wp","href":"https:\/\/api.w.org\/{rel}","templated":true}]}}