{"id":52778,"date":"2024-10-03T11:05:27","date_gmt":"2024-10-03T11:05:27","guid":{"rendered":"https:\/\/merxfy.com\/scatola-porta-te-e-tisane-di-pinetti-1\/"},"modified":"2025-08-24T13:35:17","modified_gmt":"2025-08-24T13:35:17","slug":"scatola-porta-te-e-tisane-di-pinetti-1","status":"publish","type":"product","link":"https:\/\/merxfy.com\/it\/scatola-porta-te-e-tisane-di-pinetti-1\/","title":{"rendered":"Scatola Porta T\u00e8 e Tisane di Pinetti 1"},"content":{"rendered":"<p>Per i veri amanti degli infusi e del t\u00e8.<\/p>\n<p>Eleva il tuo rituale del t\u00e8 con un cofanetto in legno rivestito esternamente in pelle di vitello autentica. La sua struttura interna in legno di noce \u00e8 suddivisa in scomparti, offrendo dodici spazi per riporre una variet\u00e0 di bustine di t\u00e8. Il cofanetto, raffinato e versatile, pu\u00f2 essere personalizzato in colori e finiture, scegliendo tra la nostra ampia gamma di opzioni. Contattaci per ulteriori personalizzazioni.   <\/p>\n","protected":false},"excerpt":{"rendered":"<p>Eleva il tuo rituale del t\u00e8 con un cofanetto in legno rivestito esternamente in pelle di vitello autentica. La sua struttura interna in legno di noce \u00e8 suddivisa in scomparti, offrendo dodici spazi per riporre una variet\u00e0 di bustine di t\u00e8. Il cofanetto, raffinato e versatile, pu\u00f2 essere personalizzato in colori e finiture, scegliendo tra la nostra ampia gamma di opzioni. Contattaci per ulteriori personalizzazioni.   <\/p>\n","protected":false},"featured_media":38054,"comment_status":"open","ping_status":"closed","template":"","meta":[],"product_brand":[],"product_cat":[1429,1478,1453,1433],"product_tag":[],"class_list":{"0":"post-52778","1":"product","2":"type-product","3":"status-publish","4":"has-post-thumbnail","6":"product_cat-accessori","7":"product_cat-accessori-da-tavola-decorazioni-da-tavola","8":"product_cat-lifestyle-it","9":"product_cat-scatole","10":"pa_brand-pinetti-it","11":"wcpa_has_options","13":"first","14":"instock","15":"purchasable","16":"product-type-variable","17":"has-default-attributes"},"_links":{"self":[{"href":"https:\/\/merxfy.com\/it\/wp-json\/wp\/v2\/product\/52778","targetHints":{"allow":["GET"]}}],"collection":[{"href":"https:\/\/merxfy.com\/it\/wp-json\/wp\/v2\/product"}],"about":[{"href":"https:\/\/merxfy.com\/it\/wp-json\/wp\/v2\/types\/product"}],"replies":[{"embeddable":true,"href":"https:\/\/merxfy.com\/it\/wp-json\/wp\/v2\/comments?post=52778"}],"version-history":[{"count":1,"href":"https:\/\/merxfy.com\/it\/wp-json\/wp\/v2\/product\/52778\/revisions"}],"predecessor-version":[{"id":56479,"href":"https:\/\/merxfy.com\/it\/wp-json\/wp\/v2\/product\/52778\/revisions\/56479"}],"wp:featuredmedia":[{"embeddable":true,"href":"https:\/\/merxfy.com\/it\/wp-json\/wp\/v2\/media\/38054"}],"wp:attachment":[{"href":"https:\/\/merxfy.com\/it\/wp-json\/wp\/v2\/media?parent=52778"}],"wp:term":[{"taxonomy":"product_brand","embeddable":true,"href":"https:\/\/merxfy.com\/it\/wp-json\/wp\/v2\/product_brand?post=52778"},{"taxonomy":"product_cat","embeddable":true,"href":"https:\/\/merxfy.com\/it\/wp-json\/wp\/v2\/product_cat?post=52778"},{"taxonomy":"product_tag","embeddable":true,"href":"https:\/\/merxfy.com\/it\/wp-json\/wp\/v2\/product_tag?post=52778"}],"curies":[{"name":"wp","href":"https:\/\/api.w.org\/{rel}","templated":true}]}}