{"id":51113,"date":"2024-10-03T12:33:39","date_gmt":"2024-10-03T12:33:39","guid":{"rendered":"https:\/\/merxfy.com\/jinn-labirinto-ottagonale-di-pinetti-1\/"},"modified":"2024-10-03T12:33:39","modified_gmt":"2024-10-03T12:33:39","slug":"jinn-labirinto-ottagonale-di-pinetti-1","status":"publish","type":"product","link":"https:\/\/merxfy.com\/it\/jinn-labirinto-ottagonale-di-pinetti-1\/","title":{"rendered":"Jinn Labirinto Ottagonale di Pinetti 1"},"content":{"rendered":"<p>Un\u2019aggiunta perfetta per la tua sala giochi o il regalo di lusso ideale?<br \/>\nLa scelta \u00e8 tua!<\/p>\n<p><span data-mce-fragment=\"1\">Jinn, il labirinto ottagonale, \u00e8 un gioco pensato per mettere alla prova destrezza e abilit\u00e0, sapientemente realizzato su un pannello in fibra di faggio impiallacciato e rivestito con la pelle pi\u00f9 pregiata.<\/span><\/p>\n","protected":false},"excerpt":{"rendered":"<p>Un\u2019aggiunta perfetta per la tua sala giochi o il regalo di lusso ideale? La scelta \u00e8 tua! Jinn, il labirinto<\/p>\n","protected":false},"featured_media":38373,"comment_status":"open","ping_status":"closed","template":"","meta":[],"product_brand":[],"product_cat":[1452],"product_tag":[],"class_list":{"0":"post-51113","1":"product","2":"type-product","3":"status-publish","4":"has-post-thumbnail","6":"product_cat-giochi-e-fitness","7":"pa_brand-pinetti-it","8":"wcpa_has_options","10":"first","11":"instock","12":"purchasable","13":"product-type-variable","14":"has-default-attributes"},"_links":{"self":[{"href":"https:\/\/merxfy.com\/it\/wp-json\/wp\/v2\/product\/51113","targetHints":{"allow":["GET"]}}],"collection":[{"href":"https:\/\/merxfy.com\/it\/wp-json\/wp\/v2\/product"}],"about":[{"href":"https:\/\/merxfy.com\/it\/wp-json\/wp\/v2\/types\/product"}],"replies":[{"embeddable":true,"href":"https:\/\/merxfy.com\/it\/wp-json\/wp\/v2\/comments?post=51113"}],"version-history":[{"count":0,"href":"https:\/\/merxfy.com\/it\/wp-json\/wp\/v2\/product\/51113\/revisions"}],"wp:featuredmedia":[{"embeddable":true,"href":"https:\/\/merxfy.com\/it\/wp-json\/wp\/v2\/media\/38373"}],"wp:attachment":[{"href":"https:\/\/merxfy.com\/it\/wp-json\/wp\/v2\/media?parent=51113"}],"wp:term":[{"taxonomy":"product_brand","embeddable":true,"href":"https:\/\/merxfy.com\/it\/wp-json\/wp\/v2\/product_brand?post=51113"},{"taxonomy":"product_cat","embeddable":true,"href":"https:\/\/merxfy.com\/it\/wp-json\/wp\/v2\/product_cat?post=51113"},{"taxonomy":"product_tag","embeddable":true,"href":"https:\/\/merxfy.com\/it\/wp-json\/wp\/v2\/product_tag?post=51113"}],"curies":[{"name":"wp","href":"https:\/\/api.w.org\/{rel}","templated":true}]}}