{"id":48303,"date":"2024-10-03T14:08:09","date_gmt":"2024-10-03T14:08:09","guid":{"rendered":"https:\/\/merxfy.com\/cesto-rotondo-basso-penelope-di-pinetti-2\/"},"modified":"2024-10-03T14:08:09","modified_gmt":"2024-10-03T14:08:09","slug":"cesto-rotondo-basso-penelope-di-pinetti-2","status":"publish","type":"product","link":"https:\/\/merxfy.com\/it\/cesto-rotondo-basso-penelope-di-pinetti-2\/","title":{"rendered":"Cesto rotondo basso Penelope di Pinetti 2"},"content":{"rendered":"<p>Parte della collezione Penelope, questo cesto per la biancheria \u00e8 progettato e realizzato esclusivamente da Pinetti.<\/p>\n<p>La silhouette rotonda, elegante e pratica, \u00e8 finemente rifinita con uno strato di cotone ecr\u00f9 e impreziosita da un profilo in pelle robusta. Questo grande cesto \u00e8 disponibile in due diverse dimensioni. <\/p>\n","protected":false},"excerpt":{"rendered":"<p>Parte della collezione Penelope, questo cesto per la biancheria \u00e8 progettato e realizzato esclusivamente da Pinetti. La silhouette rotonda, elegante<\/p>\n","protected":false},"featured_media":38739,"comment_status":"open","ping_status":"closed","template":"","meta":[],"product_brand":[],"product_cat":[1431],"product_tag":[],"class_list":{"0":"post-48303","1":"product","2":"type-product","3":"status-publish","4":"has-post-thumbnail","6":"product_cat-bagno","7":"pa_brand-pinetti-it","8":"wcpa_has_options","10":"first","11":"instock","12":"purchasable","13":"product-type-variable","14":"has-default-attributes"},"_links":{"self":[{"href":"https:\/\/merxfy.com\/it\/wp-json\/wp\/v2\/product\/48303","targetHints":{"allow":["GET"]}}],"collection":[{"href":"https:\/\/merxfy.com\/it\/wp-json\/wp\/v2\/product"}],"about":[{"href":"https:\/\/merxfy.com\/it\/wp-json\/wp\/v2\/types\/product"}],"replies":[{"embeddable":true,"href":"https:\/\/merxfy.com\/it\/wp-json\/wp\/v2\/comments?post=48303"}],"version-history":[{"count":0,"href":"https:\/\/merxfy.com\/it\/wp-json\/wp\/v2\/product\/48303\/revisions"}],"wp:featuredmedia":[{"embeddable":true,"href":"https:\/\/merxfy.com\/it\/wp-json\/wp\/v2\/media\/38739"}],"wp:attachment":[{"href":"https:\/\/merxfy.com\/it\/wp-json\/wp\/v2\/media?parent=48303"}],"wp:term":[{"taxonomy":"product_brand","embeddable":true,"href":"https:\/\/merxfy.com\/it\/wp-json\/wp\/v2\/product_brand?post=48303"},{"taxonomy":"product_cat","embeddable":true,"href":"https:\/\/merxfy.com\/it\/wp-json\/wp\/v2\/product_cat?post=48303"},{"taxonomy":"product_tag","embeddable":true,"href":"https:\/\/merxfy.com\/it\/wp-json\/wp\/v2\/product_tag?post=48303"}],"curies":[{"name":"wp","href":"https:\/\/api.w.org\/{rel}","templated":true}]}}