{"id":46836,"date":"2024-10-03T15:26:50","date_gmt":"2024-10-03T15:26:50","guid":{"rendered":"https:\/\/merxfy.com\/scatola-portafazzoletti-rettangolare-di-pinetti-2\/"},"modified":"2025-08-27T06:47:29","modified_gmt":"2025-08-27T06:47:29","slug":"scatola-portafazzoletti-rettangolare-di-pinetti-2","status":"publish","type":"product","link":"https:\/\/merxfy.com\/it\/scatola-portafazzoletti-rettangolare-di-pinetti-2\/","title":{"rendered":"Scatola portafazzoletti rettangolare di Pinetti 2"},"content":{"rendered":"<p>Maestria artigianale senza pari.<\/p>\n<p>La scatola portafazzoletti rettangolare, realizzata in ABS, \u00e8 rivestita in pelle genuina impermeabile ed \u00e8 disponibile con finitura oro o argento. Ideale per una variet\u00e0 di ambienti, tra cui camera da letto, bagno, casa o ufficio. <\/p>\n","protected":false},"excerpt":{"rendered":"<p>La scatola portafazzoletti rettangolare, realizzata in ABS, \u00e8 rivestita in pelle genuina impermeabile ed \u00e8 disponibile con finitura oro o argento. Ideale per una variet\u00e0 di ambienti, tra cui camera da letto, bagno, casa o ufficio. <\/p>\n","protected":false},"featured_media":39011,"comment_status":"open","ping_status":"closed","template":"","meta":[],"product_brand":[],"product_cat":[1429,1436,1478,1431,1453,1462,1433],"product_tag":[],"class_list":{"0":"post-46836","1":"product","2":"type-product","3":"status-publish","4":"has-post-thumbnail","6":"product_cat-accessori","7":"product_cat-accessori-da-scrivania","8":"product_cat-accessori-da-tavola-decorazioni-da-tavola","9":"product_cat-bagno","10":"product_cat-lifestyle-it","11":"product_cat-oggetti-decorativi","12":"product_cat-scatole","13":"pa_brand-pinetti-it","14":"wcpa_has_options","16":"first","17":"instock","18":"purchasable","19":"product-type-variable","20":"has-default-attributes"},"_links":{"self":[{"href":"https:\/\/merxfy.com\/it\/wp-json\/wp\/v2\/product\/46836","targetHints":{"allow":["GET"]}}],"collection":[{"href":"https:\/\/merxfy.com\/it\/wp-json\/wp\/v2\/product"}],"about":[{"href":"https:\/\/merxfy.com\/it\/wp-json\/wp\/v2\/types\/product"}],"replies":[{"embeddable":true,"href":"https:\/\/merxfy.com\/it\/wp-json\/wp\/v2\/comments?post=46836"}],"version-history":[{"count":1,"href":"https:\/\/merxfy.com\/it\/wp-json\/wp\/v2\/product\/46836\/revisions"}],"predecessor-version":[{"id":56674,"href":"https:\/\/merxfy.com\/it\/wp-json\/wp\/v2\/product\/46836\/revisions\/56674"}],"wp:featuredmedia":[{"embeddable":true,"href":"https:\/\/merxfy.com\/it\/wp-json\/wp\/v2\/media\/39011"}],"wp:attachment":[{"href":"https:\/\/merxfy.com\/it\/wp-json\/wp\/v2\/media?parent=46836"}],"wp:term":[{"taxonomy":"product_brand","embeddable":true,"href":"https:\/\/merxfy.com\/it\/wp-json\/wp\/v2\/product_brand?post=46836"},{"taxonomy":"product_cat","embeddable":true,"href":"https:\/\/merxfy.com\/it\/wp-json\/wp\/v2\/product_cat?post=46836"},{"taxonomy":"product_tag","embeddable":true,"href":"https:\/\/merxfy.com\/it\/wp-json\/wp\/v2\/product_tag?post=46836"}],"curies":[{"name":"wp","href":"https:\/\/api.w.org\/{rel}","templated":true}]}}