{"id":46803,"date":"2024-10-03T15:27:42","date_gmt":"2024-10-03T15:27:42","guid":{"rendered":"https:\/\/merxfy.com\/scatola-portafazzoletti-quadrata-di-pinetti-2-2\/"},"modified":"2024-10-03T15:27:42","modified_gmt":"2024-10-03T15:27:42","slug":"scatola-portafazzoletti-quadrata-di-pinetti-2-2","status":"publish","type":"product","link":"https:\/\/merxfy.com\/it\/scatola-portafazzoletti-quadrata-di-pinetti-2-2\/","title":{"rendered":"Scatola portafazzoletti quadrata di Pinetti 2"},"content":{"rendered":"<p>Maestria artigianale senza pari.<\/p>\n<p>La nostra scatola portafazzoletti quadrata, realizzata in ABS con finitura cromata o oro, \u00e8 rivestita in pelle genuina impermeabile ed \u00e8 disponibile con finitura oro o argento. Ideale per una variet\u00e0 di ambienti, tra cui camera da letto, bagno, casa o ufficio. <\/p>\n","protected":false},"excerpt":{"rendered":"<p>La nostra scatola portafazzoletti quadrata, realizzata in ABS con finitura cromata o oro, \u00e8 rivestita in pelle genuina impermeabile ed \u00e8 disponibile con finitura oro o argento. Ideale per diversi ambienti, tra cui camera da letto, bagno, casa o ufficio. <\/p>\n","protected":false},"featured_media":39015,"comment_status":"open","ping_status":"closed","template":"","meta":[],"product_brand":[],"product_cat":[1431],"product_tag":[],"class_list":{"0":"post-46803","1":"product","2":"type-product","3":"status-publish","4":"has-post-thumbnail","6":"product_cat-bagno","7":"pa_brand-pinetti-it","8":"wcpa_has_options","10":"first","11":"instock","12":"purchasable","13":"product-type-variable","14":"has-default-attributes"},"_links":{"self":[{"href":"https:\/\/merxfy.com\/it\/wp-json\/wp\/v2\/product\/46803","targetHints":{"allow":["GET"]}}],"collection":[{"href":"https:\/\/merxfy.com\/it\/wp-json\/wp\/v2\/product"}],"about":[{"href":"https:\/\/merxfy.com\/it\/wp-json\/wp\/v2\/types\/product"}],"replies":[{"embeddable":true,"href":"https:\/\/merxfy.com\/it\/wp-json\/wp\/v2\/comments?post=46803"}],"version-history":[{"count":0,"href":"https:\/\/merxfy.com\/it\/wp-json\/wp\/v2\/product\/46803\/revisions"}],"wp:featuredmedia":[{"embeddable":true,"href":"https:\/\/merxfy.com\/it\/wp-json\/wp\/v2\/media\/39015"}],"wp:attachment":[{"href":"https:\/\/merxfy.com\/it\/wp-json\/wp\/v2\/media?parent=46803"}],"wp:term":[{"taxonomy":"product_brand","embeddable":true,"href":"https:\/\/merxfy.com\/it\/wp-json\/wp\/v2\/product_brand?post=46803"},{"taxonomy":"product_cat","embeddable":true,"href":"https:\/\/merxfy.com\/it\/wp-json\/wp\/v2\/product_cat?post=46803"},{"taxonomy":"product_tag","embeddable":true,"href":"https:\/\/merxfy.com\/it\/wp-json\/wp\/v2\/product_tag?post=46803"}],"curies":[{"name":"wp","href":"https:\/\/api.w.org\/{rel}","templated":true}]}}