{"id":44755,"date":"2024-10-03T16:44:42","date_gmt":"2024-10-03T16:44:42","guid":{"rendered":"https:\/\/merxfy.com\/vassoio-quadrato-jane-pinetti\/"},"modified":"2025-08-24T14:54:15","modified_gmt":"2025-08-24T14:54:15","slug":"vassoio-quadrato-jane-pinetti","status":"publish","type":"product","link":"https:\/\/merxfy.com\/it\/vassoio-quadrato-jane-pinetti\/","title":{"rendered":"Vassoio Quadrato Jane Pinetti"},"content":{"rendered":"<p>Semplice, ma di classe.<\/p>\n<p>La struttura quadrata in legno con angoli arrotondati \u00e8 rivestita in morbida pelle di vitello cucita a mano. Disponibile in 4 diverse dimensioni, il vassoio Jane \u00e8 dotato di base antiscivolo e superficie impermeabile e resistente ai graffi. Questo vassoio \u00e8 inoltre disponibile in diversi colori e tipi di pelle. Per maggiori dettagli, contatta il nostro concierge.   <\/p>\n","protected":false},"excerpt":{"rendered":"<p>Semplice, ma di classe.<\/p>\n<p>La struttura quadrata in legno con angoli arrotondati \u00e8 rivestita in morbida pelle di vitello cucita a mano. Disponibile in 4 diverse dimensioni, il vassoio Jane \u00e8 dotato di base antiscivolo e superficie impermeabile e resistente ai graffi. Questo vassoio \u00e8 inoltre disponibile in diversi colori e tipi di pelle. Per maggiori dettagli, contatta il nostro concierge.   <\/p>\n","protected":false},"featured_media":39237,"comment_status":"open","ping_status":"closed","template":"","meta":[],"product_brand":[],"product_cat":[1429,1478,1453,1479,1476],"product_tag":[],"class_list":{"0":"post-44755","1":"product","2":"type-product","3":"status-publish","4":"has-post-thumbnail","6":"product_cat-accessori","7":"product_cat-accessori-da-tavola-decorazioni-da-tavola","8":"product_cat-lifestyle-it","9":"product_cat-svuotatasche","10":"product_cat-vassoio-da-tavola","11":"pa_brand-pinetti-it","12":"wcpa_has_options","14":"first","15":"instock","16":"purchasable","17":"product-type-variable","18":"has-default-attributes"},"_links":{"self":[{"href":"https:\/\/merxfy.com\/it\/wp-json\/wp\/v2\/product\/44755","targetHints":{"allow":["GET"]}}],"collection":[{"href":"https:\/\/merxfy.com\/it\/wp-json\/wp\/v2\/product"}],"about":[{"href":"https:\/\/merxfy.com\/it\/wp-json\/wp\/v2\/types\/product"}],"replies":[{"embeddable":true,"href":"https:\/\/merxfy.com\/it\/wp-json\/wp\/v2\/comments?post=44755"}],"version-history":[{"count":1,"href":"https:\/\/merxfy.com\/it\/wp-json\/wp\/v2\/product\/44755\/revisions"}],"predecessor-version":[{"id":54609,"href":"https:\/\/merxfy.com\/it\/wp-json\/wp\/v2\/product\/44755\/revisions\/54609"}],"wp:featuredmedia":[{"embeddable":true,"href":"https:\/\/merxfy.com\/it\/wp-json\/wp\/v2\/media\/39237"}],"wp:attachment":[{"href":"https:\/\/merxfy.com\/it\/wp-json\/wp\/v2\/media?parent=44755"}],"wp:term":[{"taxonomy":"product_brand","embeddable":true,"href":"https:\/\/merxfy.com\/it\/wp-json\/wp\/v2\/product_brand?post=44755"},{"taxonomy":"product_cat","embeddable":true,"href":"https:\/\/merxfy.com\/it\/wp-json\/wp\/v2\/product_cat?post=44755"},{"taxonomy":"product_tag","embeddable":true,"href":"https:\/\/merxfy.com\/it\/wp-json\/wp\/v2\/product_tag?post=44755"}],"curies":[{"name":"wp","href":"https:\/\/api.w.org\/{rel}","templated":true}]}}