{"id":41848,"date":"2025-03-14T13:50:02","date_gmt":"2025-03-14T13:50:02","guid":{"rendered":"https:\/\/merxfy.com\/i-paladini-disegnati-da-emmanuel-babled-per-venini-3\/"},"modified":"2025-06-13T21:01:34","modified_gmt":"2025-06-13T21:01:34","slug":"i-paladini-disegnati-da-emmanuel-babled-per-venini-3","status":"publish","type":"product","link":"https:\/\/merxfy.com\/it\/i-paladini-disegnati-da-emmanuel-babled-per-venini-3\/","title":{"rendered":"I PALADINI firmati Emmanuel Babled esclusivo 5"},"content":{"rendered":"<p>I Paladini di Emmanuel Babled per Venini rappresentano una straordinaria fusione tra ispirazione antica e maestria contemporanea nella lavorazione del vetro. Ispirandosi alla maestosit\u00e0 dei busti classici scolpiti in granito o marmo, che tradizionalmente raffiguravano figure venerate come scrittori, filosofi e inventori, questa collezione reinterpreta quelle effigi senza tempo trasformandole in opere d\u2019arte sorprendenti. Queste sculture evocano un profondo senso di quiete e saggezza, richiamando le monumentali figure della storia, la cui silenziosa presenza simboleggia conoscenza, forza ed eredit\u00e0 eterna.  <\/p>\n<p>I busti degli antichi filosofi e leader, spesso immobili e contemplativi, simboleggiano un legame profondo con il passato, offrendo un netto contrasto con il mondo frenetico e caotico di oggi. Queste figure storiche, cristallizzate nel tempo, sono da sempre associate a saggezza, perseveranza e tradizione.<br \/>Con I Paladini, Emmanuel Babled reinterpreta questo concetto attraverso il vetro di Murano, infondendo in ogni pezzo nuova energia e creando un ponte tra passato e presente. Cos\u00ec facendo, Babled trasporta queste idee antiche nella contemporaneit\u00e0, pur mantenendo intatta la loro significativa eredit\u00e0 senza tempo.   <\/p>\n<p>Il nome I Paladini, trae ispirazione da figure storiche come gladiatori e teologi, individui forti ed eroici che hanno portato sulle loro spalle il peso della tradizione. In questo contesto, le sculture in vetro de &#8220;I Paladini&#8221; rappresentano queste figure come incarnazioni moderne di forza e saggezza. Ogni pezzo rende omaggio a coloro che, nell\u2019antichit\u00e0 e nei tempi moderni, hanno plasmato la cultura e il pensiero. Attraverso questa collezione, Babled celebra la resilienza e la persistenza di queste tradizioni, mettendo in luce il legame tra il passato e l\u2019evoluzione dell\u2019arte artigianale contemporanea.   <\/p>\n<p>Emmanuel Babled, rinomato artista e designer, \u00e8 noto per il suo approccio innovativo al design del vetro. Il suo lavoro con Venini nella collezione I Paladini dimostra la sua straordinaria capacit\u00e0 di reinterpretare idee tradizionali attraverso la lente dell\u2019artigianato moderno. Il vetro di Murano, celebre per la sua qualit\u00e0 eccezionale e versatilit\u00e0, diventa il mezzo ideale per esprimere queste figure senza tempo in una forma contemporanea.  <\/p>\n<p>Ogni pezzo de I Paladini \u00e8 meticolosamente realizzato da abili artigiani di Murano, garantendo che la bellezza intrinseca del vetro emerga in ogni dettaglio. Le sculture combinano un\u2019arte raffinata con la solidit\u00e0 della tradizione Venini, dando vita a opere visivamente straordinarie e dal profondo valore simbolico. L\u2019uso del vetro come mezzo consente a Babled di introdurre texture sottili, fluidit\u00e0 e profondit\u00e0 nelle figure, offrendo un\u2019esperienza tattile che distingue queste sculture dai tradizionali busti in marmo o granito.  <\/p>\n<p>Uno degli elementi distintivi della collezione I Paladini \u00e8 l\u2019uso del colore. Ogni scultura \u00e8 arricchita da una palette cromatica su misura, scelta appositamente per riflettere il carattere e lo spirito unici della figura che rappresenta. Attingendo all\u2019ampia gamma di colori offerta dal vetro Venini, le tonalit\u00e0 vengono selezionate con cura per creare un equilibrio armonioso che esalta l\u2019emozione e il simbolismo di ogni pezzo.  <\/p>\n<p>Dai toni audaci e decisi, che trasmettono forza e autorevolezza, alle sfumature pi\u00f9 delicate e sottili, che evocano saggezza e contemplazione, la scelta dei colori in &#8220;I Paladini&#8221; \u00e8 un elemento essenziale del processo narrativo. I colori vibranti non solo esaltano la forma fisica delle sculture, ma fungono anche da linguaggio visivo, esprimendo le emozioni pi\u00f9 profonde e i temi che esse rappresentano. <\/p>\n<p>&#8220;I Paladini&#8221; non \u00e8 solo una collezione di sculture in vetro, ma una celebrazione della maestria e dell\u2019innovazione che definiscono l\u2019arte vetraria di Venini. La realizzazione di ogni scultura richiede tecniche all\u2019avanguardia e un\u2019abilit\u00e0 artigianale senza pari, garantendo che ogni pezzo sia un\u2019opera d\u2019arte unica. Con ogni dettaglio eseguito con cura dai maestri vetrai, queste sculture sono una testimonianza della competenza, della precisione e della dedizione che hanno reso Venini un\u2019icona dell\u2019eccellenza nella lavorazione del vetro.  <\/p>\n<p>Fondendo ispirazioni antiche con maestria artigianale moderna, &#8220;I Paladini&#8221; incarna l\u2019essenza che rende l\u2019arte vetraria di Venini cos\u00ec rinomata. La collezione celebra il potere duraturo della tradizione, abbracciando al contempo le infinite possibilit\u00e0 del design contemporaneo, rendendola un\u2019aggiunta senza tempo a qualsiasi collezione. <\/p>\n<p>La collezione &#8220;I Paladini&#8221; di Venini, disegnata da Emmanuel Babled, \u00e8 una rara e straordinaria sintesi di storia, arte e maestria artigianale.<\/p>\n","protected":false},"excerpt":{"rendered":"<p>\u201cI Paladini\u201d di Emmanuel Babled reinterpretano i busti senza tempo delle figure storiche in vetro, catturando l\u2019essenza della saggezza e della quiete. Ispirate alle sculture in marmo e granito, queste opere evocano la potenza e il silenzio delle antiche effigi, fondendo tradizione e maestria artigianale contemporanea. Le palette cromatiche uniche del vetro di Murano Venini conferiscono profondit\u00e0 e personalit\u00e0 a ogni pezzo, simboleggiando anime diverse e celebrando l\u2019eredit\u00e0 della saggezza del passato.  <\/p>\n","protected":false},"featured_media":41777,"comment_status":"open","ping_status":"closed","template":"","meta":[],"product_brand":[],"product_cat":[1429,1462,1430],"product_tag":[],"class_list":{"0":"post-41848","1":"product","2":"type-product","3":"status-publish","4":"has-post-thumbnail","6":"product_cat-accessori","7":"product_cat-oggetti-decorativi","8":"product_cat-vasi","9":"wcpa_has_options","11":"first","12":"instock","13":"taxable","14":"shipping-taxable","15":"purchasable","16":"product-type-simple"},"_links":{"self":[{"href":"https:\/\/merxfy.com\/it\/wp-json\/wp\/v2\/product\/41848","targetHints":{"allow":["GET"]}}],"collection":[{"href":"https:\/\/merxfy.com\/it\/wp-json\/wp\/v2\/product"}],"about":[{"href":"https:\/\/merxfy.com\/it\/wp-json\/wp\/v2\/types\/product"}],"replies":[{"embeddable":true,"href":"https:\/\/merxfy.com\/it\/wp-json\/wp\/v2\/comments?post=41848"}],"version-history":[{"count":1,"href":"https:\/\/merxfy.com\/it\/wp-json\/wp\/v2\/product\/41848\/revisions"}],"predecessor-version":[{"id":43709,"href":"https:\/\/merxfy.com\/it\/wp-json\/wp\/v2\/product\/41848\/revisions\/43709"}],"wp:featuredmedia":[{"embeddable":true,"href":"https:\/\/merxfy.com\/it\/wp-json\/wp\/v2\/media\/41777"}],"wp:attachment":[{"href":"https:\/\/merxfy.com\/it\/wp-json\/wp\/v2\/media?parent=41848"}],"wp:term":[{"taxonomy":"product_brand","embeddable":true,"href":"https:\/\/merxfy.com\/it\/wp-json\/wp\/v2\/product_brand?post=41848"},{"taxonomy":"product_cat","embeddable":true,"href":"https:\/\/merxfy.com\/it\/wp-json\/wp\/v2\/product_cat?post=41848"},{"taxonomy":"product_tag","embeddable":true,"href":"https:\/\/merxfy.com\/it\/wp-json\/wp\/v2\/product_tag?post=41848"}],"curies":[{"name":"wp","href":"https:\/\/api.w.org\/{rel}","templated":true}]}}