{"id":41677,"date":"2024-10-01T09:14:46","date_gmt":"2024-10-01T09:14:46","guid":{"rendered":"https:\/\/merxfy.com\/caillou-credenza-bassa-con-cassetti\/"},"modified":"2025-05-18T23:15:44","modified_gmt":"2025-05-18T23:15:44","slug":"caillou-credenza-bassa-con-cassetti","status":"publish","type":"product","link":"https:\/\/merxfy.com\/it\/caillou-credenza-bassa-con-cassetti\/","title":{"rendered":"Caillou Madia Bassa Con Cassetti di Liu Jo Living 1"},"content":{"rendered":"<p>La Madia Caillou con Cassetti rappresenta un connubio ideale tra eleganza, praticit\u00e0 e funzionalit\u00e0. Questo pezzo dal design accattivante \u00e8 realizzato per adattarsi perfettamente a diverse aree della casa, soprattutto in uno studio, dove pu\u00f2 fungere sia da elemento decorativo che da pratica soluzione di archiviazione. La madia \u00e8 caratterizzata da forme arrotondate e da un design ricercato, perfettamente integrato in una robusta struttura metallica. Ogni dettaglio della Madia Caillou \u00e8 stato attentamente studiato per fornire una soluzione d&#8217;arredo che armonizza estetica e praticit\u00e0, rendendola un elemento versatile e di grande impatto visivo in qualsiasi ambiente   <\/p>\n","protected":false},"excerpt":{"rendered":"<p>La credenza con cassetti Caillou \u00e8 uno splendido complemento d&#8217;arredo che raggiunge il perfetto equilibrio tra eleganza, praticit\u00e0 e funzionalit\u00e0. Progettato per inserirsi perfettamente in diversi ambienti domestici, in particolare in uno studio, le sue forme arrotondate e il design ricercato, completati da una robusta struttura in metallo, lo rendono un&#8217;aggiunta visivamente d&#8217;impatto e versatile a qualsiasi spazio <\/p>\n","protected":false},"featured_media":37649,"comment_status":"open","ping_status":"closed","template":"","meta":[],"product_brand":[],"product_cat":[1454],"product_tag":[],"class_list":{"0":"post-41677","1":"product","2":"type-product","3":"status-publish","4":"has-post-thumbnail","6":"product_cat-madie-it","7":"pa_brand-liu-jo-living-it","8":"wcpa_has_options","10":"first","11":"instock","12":"taxable","13":"shipping-taxable","14":"purchasable","15":"product-type-variable","16":"has-default-attributes"},"_links":{"self":[{"href":"https:\/\/merxfy.com\/it\/wp-json\/wp\/v2\/product\/41677","targetHints":{"allow":["GET"]}}],"collection":[{"href":"https:\/\/merxfy.com\/it\/wp-json\/wp\/v2\/product"}],"about":[{"href":"https:\/\/merxfy.com\/it\/wp-json\/wp\/v2\/types\/product"}],"replies":[{"embeddable":true,"href":"https:\/\/merxfy.com\/it\/wp-json\/wp\/v2\/comments?post=41677"}],"version-history":[{"count":1,"href":"https:\/\/merxfy.com\/it\/wp-json\/wp\/v2\/product\/41677\/revisions"}],"predecessor-version":[{"id":53403,"href":"https:\/\/merxfy.com\/it\/wp-json\/wp\/v2\/product\/41677\/revisions\/53403"}],"wp:featuredmedia":[{"embeddable":true,"href":"https:\/\/merxfy.com\/it\/wp-json\/wp\/v2\/media\/37649"}],"wp:attachment":[{"href":"https:\/\/merxfy.com\/it\/wp-json\/wp\/v2\/media?parent=41677"}],"wp:term":[{"taxonomy":"product_brand","embeddable":true,"href":"https:\/\/merxfy.com\/it\/wp-json\/wp\/v2\/product_brand?post=41677"},{"taxonomy":"product_cat","embeddable":true,"href":"https:\/\/merxfy.com\/it\/wp-json\/wp\/v2\/product_cat?post=41677"},{"taxonomy":"product_tag","embeddable":true,"href":"https:\/\/merxfy.com\/it\/wp-json\/wp\/v2\/product_tag?post=41677"}],"curies":[{"name":"wp","href":"https:\/\/api.w.org\/{rel}","templated":true}]}}