{"id":41668,"date":"2024-10-03T07:50:20","date_gmt":"2024-10-03T07:50:20","guid":{"rendered":"https:\/\/merxfy.com\/biliardino-derby-bianco\/"},"modified":"2025-05-18T23:13:39","modified_gmt":"2025-05-18T23:13:39","slug":"biliardino-derby-bianco","status":"publish","type":"product","link":"https:\/\/merxfy.com\/it\/biliardino-derby-bianco\/","title":{"rendered":"Biliardino Derby Bianco di Impatia 1"},"content":{"rendered":"<p>Il Derby Foosball fonde una raffinata artigianalit\u00e0 con uno spirito giocoso. Questo squisito biliardino \u00e8 meticolosamente realizzato a mano in legno massello e laccato in bianco, con la possibilit\u00e0 di scegliere qualsiasi colore RAL per una personalizzazione completa. Il piano in vetro aggiunge un tocco elegante, mentre i dettagli in metallo conferiscono un accento moderno a questo pezzo senza tempo. Una reinterpretazione contemporanea di un classico, \u00e8 il connubio perfetto tra eleganza e divertimento. Per ulteriori dettagli e opzioni di personalizzazione, non esitate a consultare il Concierge    <\/p>\n","protected":false},"excerpt":{"rendered":"<p>Il Derby Foosball \u00e8 un biliardino artigianale che unisce eleganza e fascino giocoso. Laccato in bianco, \u00e8 personalizzabile in qualsiasi colore RAL, con una costruzione in legno massello, un piano in vetro e moderni dettagli in metallo <\/p>\n","protected":false},"featured_media":37689,"comment_status":"open","ping_status":"closed","template":"","meta":[],"product_brand":[],"product_cat":[1452],"product_tag":[],"class_list":{"0":"post-41668","1":"product","2":"type-product","3":"status-publish","4":"has-post-thumbnail","6":"product_cat-giochi-e-fitness","7":"pa_brand-impatia-it","8":"wcpa_has_options","10":"first","11":"instock","12":"taxable","13":"shipping-taxable","14":"purchasable","15":"product-type-simple"},"_links":{"self":[{"href":"https:\/\/merxfy.com\/it\/wp-json\/wp\/v2\/product\/41668","targetHints":{"allow":["GET"]}}],"collection":[{"href":"https:\/\/merxfy.com\/it\/wp-json\/wp\/v2\/product"}],"about":[{"href":"https:\/\/merxfy.com\/it\/wp-json\/wp\/v2\/types\/product"}],"replies":[{"embeddable":true,"href":"https:\/\/merxfy.com\/it\/wp-json\/wp\/v2\/comments?post=41668"}],"version-history":[{"count":1,"href":"https:\/\/merxfy.com\/it\/wp-json\/wp\/v2\/product\/41668\/revisions"}],"predecessor-version":[{"id":53400,"href":"https:\/\/merxfy.com\/it\/wp-json\/wp\/v2\/product\/41668\/revisions\/53400"}],"wp:featuredmedia":[{"embeddable":true,"href":"https:\/\/merxfy.com\/it\/wp-json\/wp\/v2\/media\/37689"}],"wp:attachment":[{"href":"https:\/\/merxfy.com\/it\/wp-json\/wp\/v2\/media?parent=41668"}],"wp:term":[{"taxonomy":"product_brand","embeddable":true,"href":"https:\/\/merxfy.com\/it\/wp-json\/wp\/v2\/product_brand?post=41668"},{"taxonomy":"product_cat","embeddable":true,"href":"https:\/\/merxfy.com\/it\/wp-json\/wp\/v2\/product_cat?post=41668"},{"taxonomy":"product_tag","embeddable":true,"href":"https:\/\/merxfy.com\/it\/wp-json\/wp\/v2\/product_tag?post=41668"}],"curies":[{"name":"wp","href":"https:\/\/api.w.org\/{rel}","templated":true}]}}