{"id":41648,"date":"2024-10-03T07:53:55","date_gmt":"2024-10-03T07:53:55","guid":{"rendered":"https:\/\/merxfy.com\/biliardino-derby-bianco-vetro-fume\/"},"modified":"2025-05-18T23:10:29","modified_gmt":"2025-05-18T23:10:29","slug":"biliardino-derby-bianco-vetro-fume","status":"publish","type":"product","link":"https:\/\/merxfy.com\/it\/biliardino-derby-bianco-vetro-fume\/","title":{"rendered":"Biliardino Derby Bianco &#8211; Vetro Fum\u00e8 di Impatia 1"},"content":{"rendered":"<p>Il biliardino Derby Canvas in vetro fum\u00e9 di Impatia \u00e8 una rivisitazione contemporanea di un classico intramontabile, dall&#8217;allure raffinata e moderna. Realizzato a mano con un design su misura, questo splendido biliardino \u00e8 realizzato in legno massello laccato, sormontato da una superficie in vetro fum\u00e9 che aggiunge un tocco di raffinatezza. I dettagli in metallo valorizzano il pezzo, offrendo un&#8217;atmosfera contemporanea che si fonde perfettamente con interni eleganti e moderni. Disponibile in tutti i colori RAL, \u00e8 completamente personalizzabile su richiesta. Per ulteriori dettagli e opzioni di personalizzazione, contatta il Concierge    <\/p>\n","protected":false},"excerpt":{"rendered":"<p>Il biliardino Derby Canvas in vetro fum\u00e9 di Impatia \u00e8 una rivisitazione contemporanea di un classico intramontabile, caratterizzato da un fascino moderno e sofisticato. Realizzato artigianalmente in legno massello laccato con dettagli in metallo, \u00e8 perfetto per interni contemporanei. Disponibile in tutti i colori RAL, personalizzabile su richiesta tramite il Concierge  <\/p>\n","protected":false},"featured_media":37693,"comment_status":"open","ping_status":"closed","template":"","meta":[],"product_brand":[],"product_cat":[1452],"product_tag":[],"class_list":{"0":"post-41648","1":"product","2":"type-product","3":"status-publish","4":"has-post-thumbnail","6":"product_cat-giochi-e-fitness","7":"pa_brand-impatia-it","8":"wcpa_has_options","10":"first","11":"instock","12":"taxable","13":"shipping-taxable","14":"purchasable","15":"product-type-simple"},"_links":{"self":[{"href":"https:\/\/merxfy.com\/it\/wp-json\/wp\/v2\/product\/41648","targetHints":{"allow":["GET"]}}],"collection":[{"href":"https:\/\/merxfy.com\/it\/wp-json\/wp\/v2\/product"}],"about":[{"href":"https:\/\/merxfy.com\/it\/wp-json\/wp\/v2\/types\/product"}],"replies":[{"embeddable":true,"href":"https:\/\/merxfy.com\/it\/wp-json\/wp\/v2\/comments?post=41648"}],"version-history":[{"count":1,"href":"https:\/\/merxfy.com\/it\/wp-json\/wp\/v2\/product\/41648\/revisions"}],"predecessor-version":[{"id":53398,"href":"https:\/\/merxfy.com\/it\/wp-json\/wp\/v2\/product\/41648\/revisions\/53398"}],"wp:featuredmedia":[{"embeddable":true,"href":"https:\/\/merxfy.com\/it\/wp-json\/wp\/v2\/media\/37693"}],"wp:attachment":[{"href":"https:\/\/merxfy.com\/it\/wp-json\/wp\/v2\/media?parent=41648"}],"wp:term":[{"taxonomy":"product_brand","embeddable":true,"href":"https:\/\/merxfy.com\/it\/wp-json\/wp\/v2\/product_brand?post=41648"},{"taxonomy":"product_cat","embeddable":true,"href":"https:\/\/merxfy.com\/it\/wp-json\/wp\/v2\/product_cat?post=41648"},{"taxonomy":"product_tag","embeddable":true,"href":"https:\/\/merxfy.com\/it\/wp-json\/wp\/v2\/product_tag?post=41648"}],"curies":[{"name":"wp","href":"https:\/\/api.w.org\/{rel}","templated":true}]}}