{"id":41621,"date":"2024-09-30T14:30:22","date_gmt":"2024-09-30T14:30:22","guid":{"rendered":"https:\/\/merxfy.com\/corolle-lampada-da-terra\/"},"modified":"2025-05-15T21:53:49","modified_gmt":"2025-05-15T21:53:49","slug":"corolle-lampada-da-terra","status":"publish","type":"product","link":"https:\/\/merxfy.com\/it\/corolle-lampada-da-terra\/","title":{"rendered":"Lampada da Terra Corolle di Liu Jo Living 1"},"content":{"rendered":"<p>La lampada da terra Corolle di Liu Jo \u00e8 una sofisticata miscela di design ispirato alla natura e minimalismo moderno. Con le sue linee fluide e la sua presenza sobria ma raffinata, Corolle eleva senza sforzo qualsiasi spazio. La luce morbida e avvolgente della lampada ne esalta sia la funzionalit\u00e0 che la bellezza, rendendola un&#8217;aggiunta ideale a soggiorni, camere da letto o spazi pubblici. I dettagli curati e i materiali di alta qualit\u00e0 riflettono l&#8217;equilibrio tra estetica e praticit\u00e0.   <\/p>\n<p>In conclusione, la Lampada da Terra Corolle rappresenta la perfetta armonia tra eleganza e funzionalit\u00e0. Il suo design ispirato alla natura, la meticolosa lavorazione artigianale e le linee minimaliste lo rendono un pezzo straordinario in grado di trasformare qualsiasi ambiente. Sia che venga utilizzata per illuminare un accogliente soggiorno o un sofisticato ambiente pubblico, la lampada da terra Corolle dona atmosfera e carattere con la sua presenza discreta ma aggraziata. Un capolavoro contemporaneo che combina forme organiche e design moderno per una soluzione di illuminazione che non passa mai inosservata   <\/p>\n","protected":false},"excerpt":{"rendered":"<p>La lampada da terra Corolle di Liu Jo \u00e8 pi\u00f9 di un semplice apparecchio di illuminazione; Si tratta di un pezzo di design che fonde forme naturali, artigianalit\u00e0 ed estetica minimalista, creando una luce morbida e avvolgente che trasforma qualsiasi spazio con raffinata eleganza<\/p>\n","protected":false},"featured_media":37579,"comment_status":"open","ping_status":"closed","template":"","meta":[],"product_brand":[],"product_cat":[1439],"product_tag":[],"class_list":{"0":"post-41621","1":"product","2":"type-product","3":"status-publish","4":"has-post-thumbnail","6":"product_cat-lampade","7":"pa_brand-liu-jo-living-it","8":"wcpa_has_options","10":"first","11":"instock","12":"taxable","13":"shipping-taxable","14":"purchasable","15":"product-type-variable","16":"has-default-attributes"},"_links":{"self":[{"href":"https:\/\/merxfy.com\/it\/wp-json\/wp\/v2\/product\/41621","targetHints":{"allow":["GET"]}}],"collection":[{"href":"https:\/\/merxfy.com\/it\/wp-json\/wp\/v2\/product"}],"about":[{"href":"https:\/\/merxfy.com\/it\/wp-json\/wp\/v2\/types\/product"}],"replies":[{"embeddable":true,"href":"https:\/\/merxfy.com\/it\/wp-json\/wp\/v2\/comments?post=41621"}],"version-history":[{"count":1,"href":"https:\/\/merxfy.com\/it\/wp-json\/wp\/v2\/product\/41621\/revisions"}],"predecessor-version":[{"id":53356,"href":"https:\/\/merxfy.com\/it\/wp-json\/wp\/v2\/product\/41621\/revisions\/53356"}],"wp:featuredmedia":[{"embeddable":true,"href":"https:\/\/merxfy.com\/it\/wp-json\/wp\/v2\/media\/37579"}],"wp:attachment":[{"href":"https:\/\/merxfy.com\/it\/wp-json\/wp\/v2\/media?parent=41621"}],"wp:term":[{"taxonomy":"product_brand","embeddable":true,"href":"https:\/\/merxfy.com\/it\/wp-json\/wp\/v2\/product_brand?post=41621"},{"taxonomy":"product_cat","embeddable":true,"href":"https:\/\/merxfy.com\/it\/wp-json\/wp\/v2\/product_cat?post=41621"},{"taxonomy":"product_tag","embeddable":true,"href":"https:\/\/merxfy.com\/it\/wp-json\/wp\/v2\/product_tag?post=41621"}],"curies":[{"name":"wp","href":"https:\/\/api.w.org\/{rel}","templated":true}]}}