{"id":41571,"date":"2024-09-30T14:11:00","date_gmt":"2024-09-30T14:11:00","guid":{"rendered":"https:\/\/merxfy.com\/corolle-lampada-a-sospensione-2\/"},"modified":"2025-05-15T21:53:48","modified_gmt":"2025-05-15T21:53:48","slug":"corolle-lampada-a-sospensione-2","status":"publish","type":"product","link":"https:\/\/merxfy.com\/it\/corolle-lampada-a-sospensione-2\/","title":{"rendered":"Lampada a sospensione Corolle di Liu Jo Living 2"},"content":{"rendered":"<p>La lampada a sospensione orizzontale Corolle di Liu Jo \u00e8 uno straordinario esempio di come il design moderno possa essere reinventato attraverso forme organiche e artigianato di alta qualit\u00e0. Con la sua eleganza naturale e le sue linee slanciate, questa lampada ha la capacit\u00e0 di trasformare qualsiasi ambiente in uno spazio di raffinatezza e carattere. Il suo design minimalista ma sofisticato \u00e8 realizzato per armonizzarsi senza sforzo con gli interni contemporanei, offrendo una fonte di luce sottile ma d&#8217;impatto che migliora l&#8217;estetica generale senza sovrastarla.  <\/p>\n<p>In conclusione, la Lampada a Sospensione Orizzontale Corolle \u00e8 la perfetta fusione tra estetica e funzionalit\u00e0. Il suo minimalismo ispirato alla natura e i materiali di alta qualit\u00e0 utilizzati lo rendono la scelta ideale per chi cerca soluzioni di illuminazione eleganti ma pratiche. Perfetta per spazi moderni e sofisticati, dove la cura dei dettagli \u00e8 fondamentale e l&#8217;illuminazione gioca un ruolo centrale nell&#8217;arredamento, Corolle dona un raffinato tocco di personalit\u00e0 ed eleganza, sia in casa che in ufficio  <\/p>\n","protected":false},"excerpt":{"rendered":"<p>La Lampada a Sospensione Orizzontale Corolle di Liu Jo ridefinisce il design moderno con le sue forme organiche e l&#8217;alta qualit\u00e0 artigianale. La sua estetica naturale e le linee pulite donano raffinatezza e personalit\u00e0 a qualsiasi spazio. Progettata per integrarsi perfettamente negli ambienti moderni, Corolle aggiunge un tocco di luce e di sobria bellezza  <\/p>\n","protected":false},"featured_media":37573,"comment_status":"open","ping_status":"closed","template":"","meta":[],"product_brand":[],"product_cat":[1439],"product_tag":[],"class_list":{"0":"post-41571","1":"product","2":"type-product","3":"status-publish","4":"has-post-thumbnail","6":"product_cat-lampade","7":"pa_brand-liu-jo-living-it","8":"wcpa_has_options","10":"first","11":"instock","12":"taxable","13":"shipping-taxable","14":"purchasable","15":"product-type-variable","16":"has-default-attributes"},"_links":{"self":[{"href":"https:\/\/merxfy.com\/it\/wp-json\/wp\/v2\/product\/41571","targetHints":{"allow":["GET"]}}],"collection":[{"href":"https:\/\/merxfy.com\/it\/wp-json\/wp\/v2\/product"}],"about":[{"href":"https:\/\/merxfy.com\/it\/wp-json\/wp\/v2\/types\/product"}],"replies":[{"embeddable":true,"href":"https:\/\/merxfy.com\/it\/wp-json\/wp\/v2\/comments?post=41571"}],"version-history":[{"count":1,"href":"https:\/\/merxfy.com\/it\/wp-json\/wp\/v2\/product\/41571\/revisions"}],"predecessor-version":[{"id":53355,"href":"https:\/\/merxfy.com\/it\/wp-json\/wp\/v2\/product\/41571\/revisions\/53355"}],"wp:featuredmedia":[{"embeddable":true,"href":"https:\/\/merxfy.com\/it\/wp-json\/wp\/v2\/media\/37573"}],"wp:attachment":[{"href":"https:\/\/merxfy.com\/it\/wp-json\/wp\/v2\/media?parent=41571"}],"wp:term":[{"taxonomy":"product_brand","embeddable":true,"href":"https:\/\/merxfy.com\/it\/wp-json\/wp\/v2\/product_brand?post=41571"},{"taxonomy":"product_cat","embeddable":true,"href":"https:\/\/merxfy.com\/it\/wp-json\/wp\/v2\/product_cat?post=41571"},{"taxonomy":"product_tag","embeddable":true,"href":"https:\/\/merxfy.com\/it\/wp-json\/wp\/v2\/product_tag?post=41571"}],"curies":[{"name":"wp","href":"https:\/\/api.w.org\/{rel}","templated":true}]}}