{"id":41355,"date":"2024-10-03T16:29:27","date_gmt":"2024-10-03T16:29:27","guid":{"rendered":"https:\/\/merxfy.com\/safari-tavolo-pieghevole\/"},"modified":"2025-04-16T09:30:37","modified_gmt":"2025-04-16T09:30:37","slug":"safari-tavolo-pieghevole","status":"publish","type":"product","link":"https:\/\/merxfy.com\/it\/safari-tavolo-pieghevole\/","title":{"rendered":"Tavolino Pieghevole Safari di Pinetti 1"},"content":{"rendered":"<p>Apri, regola e chiudi!<\/p>\n<p>Una lastra bronzata rimovibile poggia su una struttura pieghevole in legno e pelle. Il tavolo pieghevole Safari, con il suo design particolare, \u00e8 disponibile in 4 diverse dimensioni ed \u00e8 il perfetto esempio di modernit\u00e0 e praticit\u00e0 sia per interni che per esterni. <\/p>\n","protected":false},"excerpt":{"rendered":"<p>Una lastra bronzata rimovibile poggia su una struttura pieghevole in legno e pelle. Il tavolo pieghevole Safari, con il suo design particolare, \u00e8 disponibile in 4 diverse dimensioni ed \u00e8 il perfetto esempio di modernit\u00e0 e praticit\u00e0 sia per interni che per esterni. <\/p>\n","protected":false},"featured_media":39108,"comment_status":"open","ping_status":"closed","template":"","meta":[],"product_brand":[],"product_cat":[1445],"product_tag":[],"class_list":{"0":"post-41355","1":"product","2":"type-product","3":"status-publish","4":"has-post-thumbnail","6":"product_cat-tavoli","7":"pa_brand-pinetti-it","8":"wcpa_has_options","10":"first","11":"instock","12":"purchasable","13":"product-type-variable","14":"has-default-attributes"},"_links":{"self":[{"href":"https:\/\/merxfy.com\/it\/wp-json\/wp\/v2\/product\/41355","targetHints":{"allow":["GET"]}}],"collection":[{"href":"https:\/\/merxfy.com\/it\/wp-json\/wp\/v2\/product"}],"about":[{"href":"https:\/\/merxfy.com\/it\/wp-json\/wp\/v2\/types\/product"}],"replies":[{"embeddable":true,"href":"https:\/\/merxfy.com\/it\/wp-json\/wp\/v2\/comments?post=41355"}],"version-history":[{"count":1,"href":"https:\/\/merxfy.com\/it\/wp-json\/wp\/v2\/product\/41355\/revisions"}],"predecessor-version":[{"id":45781,"href":"https:\/\/merxfy.com\/it\/wp-json\/wp\/v2\/product\/41355\/revisions\/45781"}],"wp:featuredmedia":[{"embeddable":true,"href":"https:\/\/merxfy.com\/it\/wp-json\/wp\/v2\/media\/39108"}],"wp:attachment":[{"href":"https:\/\/merxfy.com\/it\/wp-json\/wp\/v2\/media?parent=41355"}],"wp:term":[{"taxonomy":"product_brand","embeddable":true,"href":"https:\/\/merxfy.com\/it\/wp-json\/wp\/v2\/product_brand?post=41355"},{"taxonomy":"product_cat","embeddable":true,"href":"https:\/\/merxfy.com\/it\/wp-json\/wp\/v2\/product_cat?post=41355"},{"taxonomy":"product_tag","embeddable":true,"href":"https:\/\/merxfy.com\/it\/wp-json\/wp\/v2\/product_tag?post=41355"}],"curies":[{"name":"wp","href":"https:\/\/api.w.org\/{rel}","templated":true}]}}