{"id":41310,"date":"2025-02-04T16:26:58","date_gmt":"2025-02-04T16:26:58","guid":{"rendered":"https:\/\/merxfy.com\/quadri-tondo-9150-tavolino-in-ottone-e-nero-di-gianluigi-landoni\/"},"modified":"2025-06-14T08:02:33","modified_gmt":"2025-06-14T08:02:33","slug":"quadri-tondo-9150-tavolino-in-ottone-e-nero-di-gianluigi-landoni","status":"publish","type":"product","link":"https:\/\/merxfy.com\/it\/quadri-tondo-9150-tavolino-in-ottone-e-nero-di-gianluigi-landoni\/","title":{"rendered":"Vibieffe tavolino Quadri Tondo 9150 in ottone e nero firmato Gianluigi Landoni"},"content":{"rendered":"<p>Dichiarazione di sofisticata eleganza, il tavolino Quadri Tondo 9150 in ottone e nero di Gianluigi Landoni sfoggia un sorprendente equilibrio di materiali e forme. Il suo design \u00e8 caratterizzato da componenti a taglio quadrato con bordi ammorbiditi, che creano un&#8217;estetica armoniosa e senza soluzione di continuit\u00e0. Il piano in legno spesso \u00e8 placcato in ottone, aggiungendo un tocco di lusso, mentre la robusta base della colonna \u00e8 realizzata in legno laccato nero per un contrasto audace. Esposto da solo o abbinato ad altri pezzi della serie Quadri Tondo, questo tavolino eleva qualsiasi interno. Finiture alternative sono disponibili su richiesta, si prega di contattare il Concierge per i dettagli    <\/p>\n","protected":false},"excerpt":{"rendered":"<p>Il tavolino Vibieffe Quadri Tondo 9150, disegnato da Gianluigi Landoni, unisce fascino ed eleganza grazie al piano in legno placcato ottone e alla base a colonna laccata nera. Il design dalla forma quadrata smussata dona all\u2019insieme un aspetto raffinato e armonioso. <\/p>\n","protected":false},"featured_media":39751,"comment_status":"open","ping_status":"closed","template":"","meta":[],"product_brand":[],"product_cat":[1445],"product_tag":[],"class_list":{"0":"post-41310","1":"product","2":"type-product","3":"status-publish","4":"has-post-thumbnail","6":"product_cat-tavoli","7":"pa_brand-vibieffe-it","8":"wcpa_has_options","10":"first","11":"instock","12":"taxable","13":"shipping-taxable","14":"purchasable","15":"product-type-simple"},"_links":{"self":[{"href":"https:\/\/merxfy.com\/it\/wp-json\/wp\/v2\/product\/41310","targetHints":{"allow":["GET"]}}],"collection":[{"href":"https:\/\/merxfy.com\/it\/wp-json\/wp\/v2\/product"}],"about":[{"href":"https:\/\/merxfy.com\/it\/wp-json\/wp\/v2\/types\/product"}],"replies":[{"embeddable":true,"href":"https:\/\/merxfy.com\/it\/wp-json\/wp\/v2\/comments?post=41310"}],"version-history":[{"count":1,"href":"https:\/\/merxfy.com\/it\/wp-json\/wp\/v2\/product\/41310\/revisions"}],"predecessor-version":[{"id":43769,"href":"https:\/\/merxfy.com\/it\/wp-json\/wp\/v2\/product\/41310\/revisions\/43769"}],"wp:featuredmedia":[{"embeddable":true,"href":"https:\/\/merxfy.com\/it\/wp-json\/wp\/v2\/media\/39751"}],"wp:attachment":[{"href":"https:\/\/merxfy.com\/it\/wp-json\/wp\/v2\/media?parent=41310"}],"wp:term":[{"taxonomy":"product_brand","embeddable":true,"href":"https:\/\/merxfy.com\/it\/wp-json\/wp\/v2\/product_brand?post=41310"},{"taxonomy":"product_cat","embeddable":true,"href":"https:\/\/merxfy.com\/it\/wp-json\/wp\/v2\/product_cat?post=41310"},{"taxonomy":"product_tag","embeddable":true,"href":"https:\/\/merxfy.com\/it\/wp-json\/wp\/v2\/product_tag?post=41310"}],"curies":[{"name":"wp","href":"https:\/\/api.w.org\/{rel}","templated":true}]}}