{"id":41292,"date":"2025-01-02T15:30:07","date_gmt":"2025-01-02T15:30:07","guid":{"rendered":"https:\/\/merxfy.com\/doll-551\/"},"modified":"2025-06-14T08:03:47","modified_gmt":"2025-06-14T08:03:47","slug":"doll-551","status":"publish","type":"product","link":"https:\/\/merxfy.com\/it\/doll-551\/","title":{"rendered":"Billiani Sedia Doll 551"},"content":{"rendered":"<p>La sedia Doll 551 esemplifica la semplicit\u00e0 elegante attraverso le sue linee morbide e la maestria nella lavorazione del legno. Le gambe sapientemente sagomate e i dettagli curvati conferiscono alla sedia un aspetto raffinato e leggero, senza compromettere durabilit\u00e0 e comfort. Nel tempo, la collezione Doll si \u00e8 evoluta in una linea versatile, che include sgabelli, poltrone, poltrone lounge, tavoli e tavolini da caff\u00e8. Questa adattabilit\u00e0, unita a una variet\u00e0 di finiture, colori e opzioni di rivestimento, rende la Doll 551 un pezzo camaleontico, che si integra facilmente in ogni ambiente offrendo eleganza senza tempo.   <\/p>\n","protected":false},"excerpt":{"rendered":"<p>La sedia Doll 551 di Billiani \u00e8 realizzata in legno e fonde eleganza con linee morbide. Le sue caratteristiche curve e le gambe svasate creano un design leggero ma resistente, mentre le finiture versatili e le opzioni di rivestimento la rendono adattabile a qualsiasi ambiente. <\/p>\n","protected":false},"featured_media":39590,"comment_status":"open","ping_status":"closed","template":"","meta":[],"product_brand":[],"product_cat":[1441],"product_tag":[],"class_list":{"0":"post-41292","1":"product","2":"type-product","3":"status-publish","4":"has-post-thumbnail","6":"product_cat-sedie","7":"pa_brand-billiani-it","8":"wcpa_has_options","10":"first","11":"instock","12":"taxable","13":"shipping-taxable","14":"purchasable","15":"product-type-variable"},"_links":{"self":[{"href":"https:\/\/merxfy.com\/it\/wp-json\/wp\/v2\/product\/41292","targetHints":{"allow":["GET"]}}],"collection":[{"href":"https:\/\/merxfy.com\/it\/wp-json\/wp\/v2\/product"}],"about":[{"href":"https:\/\/merxfy.com\/it\/wp-json\/wp\/v2\/types\/product"}],"replies":[{"embeddable":true,"href":"https:\/\/merxfy.com\/it\/wp-json\/wp\/v2\/comments?post=41292"}],"version-history":[{"count":1,"href":"https:\/\/merxfy.com\/it\/wp-json\/wp\/v2\/product\/41292\/revisions"}],"predecessor-version":[{"id":43871,"href":"https:\/\/merxfy.com\/it\/wp-json\/wp\/v2\/product\/41292\/revisions\/43871"}],"wp:featuredmedia":[{"embeddable":true,"href":"https:\/\/merxfy.com\/it\/wp-json\/wp\/v2\/media\/39590"}],"wp:attachment":[{"href":"https:\/\/merxfy.com\/it\/wp-json\/wp\/v2\/media?parent=41292"}],"wp:term":[{"taxonomy":"product_brand","embeddable":true,"href":"https:\/\/merxfy.com\/it\/wp-json\/wp\/v2\/product_brand?post=41292"},{"taxonomy":"product_cat","embeddable":true,"href":"https:\/\/merxfy.com\/it\/wp-json\/wp\/v2\/product_cat?post=41292"},{"taxonomy":"product_tag","embeddable":true,"href":"https:\/\/merxfy.com\/it\/wp-json\/wp\/v2\/product_tag?post=41292"}],"curies":[{"name":"wp","href":"https:\/\/api.w.org\/{rel}","templated":true}]}}