{"id":41264,"date":"2025-01-08T14:46:49","date_gmt":"2025-01-08T14:46:49","guid":{"rendered":"https:\/\/merxfy.com\/frisee-250\/"},"modified":"2025-06-14T08:03:45","modified_gmt":"2025-06-14T08:03:45","slug":"frisee-250","status":"publish","type":"product","link":"https:\/\/merxfy.com\/it\/frisee-250\/","title":{"rendered":"Billiani Sedia Fris\u00e9e 250"},"content":{"rendered":"<p>La sedia Fris\u00e9e 250 \u00e8 una collezione che unisce la solidit\u00e0 del legno a un\u2019eleganza leggera e dal fascino ironico. Le sue linee morbide e avvolgenti celebrano la maestria di Billiani nella lavorazione del legno, con colori puri, curve raffinate e gambe distintive che si chiudono in una caratteristica forma tornita a \u201ccipolla\u201d. Questi elementi di design si ritrovano anche nei tavoli della collezione, disponibili in diverse dimensioni. Pensata per gli spazi contract, Fris\u00e9e esprime una leggerezza sofisticata che rende omaggio all\u2019arte della falegnameria di alta qualit\u00e0.   <\/p>\n","protected":false},"excerpt":{"rendered":"<p>La sedia Fris\u00e9e 250 unisce la solidit\u00e0 del legno a un\u2019eleganza giocosa e gioiosa. Il suo design morbido e curvato mette in risalto la maestria di Billiani, con curve delicate e le iconiche gambe tornite. <\/p>\n","protected":false},"featured_media":39630,"comment_status":"open","ping_status":"closed","template":"","meta":[],"product_brand":[],"product_cat":[1441],"product_tag":[],"class_list":{"0":"post-41264","1":"product","2":"type-product","3":"status-publish","4":"has-post-thumbnail","6":"product_cat-sedie","7":"pa_brand-billiani-it","8":"wcpa_has_options","10":"first","11":"instock","12":"taxable","13":"shipping-taxable","14":"purchasable","15":"product-type-variable"},"_links":{"self":[{"href":"https:\/\/merxfy.com\/it\/wp-json\/wp\/v2\/product\/41264","targetHints":{"allow":["GET"]}}],"collection":[{"href":"https:\/\/merxfy.com\/it\/wp-json\/wp\/v2\/product"}],"about":[{"href":"https:\/\/merxfy.com\/it\/wp-json\/wp\/v2\/types\/product"}],"replies":[{"embeddable":true,"href":"https:\/\/merxfy.com\/it\/wp-json\/wp\/v2\/comments?post=41264"}],"version-history":[{"count":1,"href":"https:\/\/merxfy.com\/it\/wp-json\/wp\/v2\/product\/41264\/revisions"}],"predecessor-version":[{"id":43838,"href":"https:\/\/merxfy.com\/it\/wp-json\/wp\/v2\/product\/41264\/revisions\/43838"}],"wp:featuredmedia":[{"embeddable":true,"href":"https:\/\/merxfy.com\/it\/wp-json\/wp\/v2\/media\/39630"}],"wp:attachment":[{"href":"https:\/\/merxfy.com\/it\/wp-json\/wp\/v2\/media?parent=41264"}],"wp:term":[{"taxonomy":"product_brand","embeddable":true,"href":"https:\/\/merxfy.com\/it\/wp-json\/wp\/v2\/product_brand?post=41264"},{"taxonomy":"product_cat","embeddable":true,"href":"https:\/\/merxfy.com\/it\/wp-json\/wp\/v2\/product_cat?post=41264"},{"taxonomy":"product_tag","embeddable":true,"href":"https:\/\/merxfy.com\/it\/wp-json\/wp\/v2\/product_tag?post=41264"}],"curies":[{"name":"wp","href":"https:\/\/api.w.org\/{rel}","templated":true}]}}