{"id":41250,"date":"2025-01-11T16:37:50","date_gmt":"2025-01-11T16:37:50","guid":{"rendered":"https:\/\/merxfy.com\/frisee-255\/"},"modified":"2025-06-14T08:03:08","modified_gmt":"2025-06-14T08:03:08","slug":"frisee-255","status":"publish","type":"product","link":"https:\/\/merxfy.com\/it\/frisee-255\/","title":{"rendered":"Billiani Sgabello Fris\u00e9e 255"},"content":{"rendered":"<p>Lo sgabello Fris\u00e9e 255, disegnato da Cristina Celestino, \u00e8 uno sgabello raffinato che unisce l\u2019eleganza del design alla robustezza del legno massello di frassino o faggio. La seduta imbottita, disponibile in tessuto, pelle o ecopelle, assicura un comfort eccezionale, mentre il poggiapiedi integrato e lo schienale dolcemente curvato esaltano funzionalit\u00e0 e stile. Parte della collezione Fris\u00e9e, lo sgabello \u00e8 caratterizzato da angoli che sfociano in curve morbide e gambe con le caratteristiche estremit\u00e0 a forma di bulbo, che mettono in risalto l&#8217;artigianalit\u00e0 di Billiani. Disponibile nelle finiture tinto legno, laccato opaco o tinto colore, Fris\u00e9e 255 \u00e8 un&#8217;aggiunta versatile e sofisticata agli spazi contemporanei e contract<\/p>\n","protected":false},"excerpt":{"rendered":"<p>Lo sgabello Fris\u00e9e 255 \u00e8 realizzato in legno massello di frassino o faggio, con seduta imbottita disponibile in tessuto, pelle o ecopelle, e poggiapiedi integrato. Disegnata da Cristina Celestino, \u00e8 caratterizzata da linee morbide e dettagli eleganti<\/p>\n","protected":false},"featured_media":39691,"comment_status":"open","ping_status":"closed","template":"","meta":[],"product_brand":[],"product_cat":[1441,1444],"product_tag":[],"class_list":{"0":"post-41250","1":"product","2":"type-product","3":"status-publish","4":"has-post-thumbnail","6":"product_cat-sedie","7":"product_cat-sgabelli","8":"pa_brand-billiani-it","10":"first","11":"instock","12":"taxable","13":"shipping-taxable","14":"purchasable","15":"product-type-variable"},"_links":{"self":[{"href":"https:\/\/merxfy.com\/it\/wp-json\/wp\/v2\/product\/41250","targetHints":{"allow":["GET"]}}],"collection":[{"href":"https:\/\/merxfy.com\/it\/wp-json\/wp\/v2\/product"}],"about":[{"href":"https:\/\/merxfy.com\/it\/wp-json\/wp\/v2\/types\/product"}],"replies":[{"embeddable":true,"href":"https:\/\/merxfy.com\/it\/wp-json\/wp\/v2\/comments?post=41250"}],"version-history":[{"count":1,"href":"https:\/\/merxfy.com\/it\/wp-json\/wp\/v2\/product\/41250\/revisions"}],"predecessor-version":[{"id":43827,"href":"https:\/\/merxfy.com\/it\/wp-json\/wp\/v2\/product\/41250\/revisions\/43827"}],"wp:featuredmedia":[{"embeddable":true,"href":"https:\/\/merxfy.com\/it\/wp-json\/wp\/v2\/media\/39691"}],"wp:attachment":[{"href":"https:\/\/merxfy.com\/it\/wp-json\/wp\/v2\/media?parent=41250"}],"wp:term":[{"taxonomy":"product_brand","embeddable":true,"href":"https:\/\/merxfy.com\/it\/wp-json\/wp\/v2\/product_brand?post=41250"},{"taxonomy":"product_cat","embeddable":true,"href":"https:\/\/merxfy.com\/it\/wp-json\/wp\/v2\/product_cat?post=41250"},{"taxonomy":"product_tag","embeddable":true,"href":"https:\/\/merxfy.com\/it\/wp-json\/wp\/v2\/product_tag?post=41250"}],"curies":[{"name":"wp","href":"https:\/\/api.w.org\/{rel}","templated":true}]}}