{"id":41232,"date":"2025-01-13T14:04:50","date_gmt":"2025-01-13T14:04:50","guid":{"rendered":"https:\/\/merxfy.com\/avvolgimento-6c74\/"},"modified":"2025-10-20T04:39:29","modified_gmt":"2025-10-20T02:39:29","slug":"avvolgimento-6c74","status":"publish","type":"product","link":"https:\/\/merxfy.com\/it\/avvolgimento-6c74\/","title":{"rendered":"Billiani Sedia Wrap 6C74"},"content":{"rendered":"<p>La sedia Wrap 6C74 di Billiani si distingue per lo schienale elegantemente curvato, perfettamente integrato in una snella struttura in tubo metallico. Questa combinazione raffinata dona un\u2019estetica fresca e moderna, senza rinunciare a praticit\u00e0 e resistenza. Progettata per adattarsi con facilit\u00e0 agli ambienti contract, Wrap 6C74 \u00e8 una seduta versatile e di grande impatto visivo, ideale per interni contemporanei.  <\/p>\n","protected":false},"excerpt":{"rendered":"<p>Wrap 6C74 combina uno schienale graziosamente curvo con una sottile struttura in tubo di metallo, offrendo un design leggero ma resistente adatto a spazi contract dinamici<\/p>\n","protected":false},"featured_media":39711,"comment_status":"open","ping_status":"closed","template":"","meta":[],"product_brand":[],"product_cat":[1441],"product_tag":[],"class_list":{"0":"post-41232","1":"product","2":"type-product","3":"status-publish","4":"has-post-thumbnail","6":"product_cat-sedie","7":"pa_brand-billiani-it","8":"wcpa_has_options","10":"first","11":"instock","12":"taxable","13":"shipping-taxable","14":"purchasable","15":"product-type-variable","16":"has-default-attributes"},"_links":{"self":[{"href":"https:\/\/merxfy.com\/it\/wp-json\/wp\/v2\/product\/41232","targetHints":{"allow":["GET"]}}],"collection":[{"href":"https:\/\/merxfy.com\/it\/wp-json\/wp\/v2\/product"}],"about":[{"href":"https:\/\/merxfy.com\/it\/wp-json\/wp\/v2\/types\/product"}],"replies":[{"embeddable":true,"href":"https:\/\/merxfy.com\/it\/wp-json\/wp\/v2\/comments?post=41232"}],"version-history":[{"count":1,"href":"https:\/\/merxfy.com\/it\/wp-json\/wp\/v2\/product\/41232\/revisions"}],"predecessor-version":[{"id":43805,"href":"https:\/\/merxfy.com\/it\/wp-json\/wp\/v2\/product\/41232\/revisions\/43805"}],"wp:featuredmedia":[{"embeddable":true,"href":"https:\/\/merxfy.com\/it\/wp-json\/wp\/v2\/media\/39711"}],"wp:attachment":[{"href":"https:\/\/merxfy.com\/it\/wp-json\/wp\/v2\/media?parent=41232"}],"wp:term":[{"taxonomy":"product_brand","embeddable":true,"href":"https:\/\/merxfy.com\/it\/wp-json\/wp\/v2\/product_brand?post=41232"},{"taxonomy":"product_cat","embeddable":true,"href":"https:\/\/merxfy.com\/it\/wp-json\/wp\/v2\/product_cat?post=41232"},{"taxonomy":"product_tag","embeddable":true,"href":"https:\/\/merxfy.com\/it\/wp-json\/wp\/v2\/product_tag?post=41232"}],"curies":[{"name":"wp","href":"https:\/\/api.w.org\/{rel}","templated":true}]}}