{"id":41146,"date":"2024-10-28T19:45:24","date_gmt":"2024-10-28T19:45:24","guid":{"rendered":"https:\/\/merxfy.com\/volo-letto-per-materasso-160200\/"},"modified":"2025-06-14T08:06:10","modified_gmt":"2025-06-14T08:06:10","slug":"volo-letto-per-materasso-160200","status":"publish","type":"product","link":"https:\/\/merxfy.com\/it\/volo-letto-per-materasso-160200\/","title":{"rendered":"Alto Letto Voloper Materasso 160*200"},"content":{"rendered":"<p>Il letto Volo di Alto, realizzato da N Lab, \u00e8 un pezzo lussuoso e funzionale per la camera da letto. Costruito con una struttura e una testiera in legno multistrato da 18 mm, il letto \u00e8 imbottito con morbida schiuma poliuretanica e un materasso in piuma d&#8217;oca per un comfort eccezionale. Rivestito in un sofisticato tessuto vellutino che mostra l&#8217;esclusivo logo Alto, il letto Volo guadagna ulteriore eleganza grazie alle sue esclusive cuciture a X, un dettaglio di stile che lo distingue. Il letto \u00e8 progettato per facilitare la manutenzione, con la testiera e il telaio completamente rimovibili per una facile pulizia. Combinando estetica, comfort e praticit\u00e0, Volo \u00e8 la scelta privilegiata per i proprietari di case pi\u00f9 esigenti che cercano una qualit\u00e0 raffinata    <\/p>\n","protected":false},"excerpt":{"rendered":"<p>Il letto Volo di Alto, disegnato da N Lab, \u00e8 un mix di eleganza e praticit\u00e0, caratterizzato da una struttura e una testata in legno multistrato da 18 mm, imbottite in poliuretano espanso e piuma d&#8217;oca e rivestite in vellutino con un raffinato dettaglio di cuciture a X<\/p>\n","protected":false},"featured_media":39474,"comment_status":"open","ping_status":"closed","template":"","meta":[],"product_brand":[],"product_cat":[1437,1450,1440],"product_tag":[],"class_list":{"0":"post-41146","1":"product","2":"type-product","3":"status-publish","4":"has-post-thumbnail","6":"product_cat-letti","7":"product_cat-arredamenti","8":"product_cat-trend","9":"pa_brand-alto-it","10":"wcpa_has_options","12":"first","13":"instock","14":"taxable","15":"shipping-taxable","16":"purchasable","17":"product-type-variable","18":"has-default-attributes"},"_links":{"self":[{"href":"https:\/\/merxfy.com\/it\/wp-json\/wp\/v2\/product\/41146","targetHints":{"allow":["GET"]}}],"collection":[{"href":"https:\/\/merxfy.com\/it\/wp-json\/wp\/v2\/product"}],"about":[{"href":"https:\/\/merxfy.com\/it\/wp-json\/wp\/v2\/types\/product"}],"replies":[{"embeddable":true,"href":"https:\/\/merxfy.com\/it\/wp-json\/wp\/v2\/comments?post=41146"}],"version-history":[{"count":1,"href":"https:\/\/merxfy.com\/it\/wp-json\/wp\/v2\/product\/41146\/revisions"}],"predecessor-version":[{"id":43906,"href":"https:\/\/merxfy.com\/it\/wp-json\/wp\/v2\/product\/41146\/revisions\/43906"}],"wp:featuredmedia":[{"embeddable":true,"href":"https:\/\/merxfy.com\/it\/wp-json\/wp\/v2\/media\/39474"}],"wp:attachment":[{"href":"https:\/\/merxfy.com\/it\/wp-json\/wp\/v2\/media?parent=41146"}],"wp:term":[{"taxonomy":"product_brand","embeddable":true,"href":"https:\/\/merxfy.com\/it\/wp-json\/wp\/v2\/product_brand?post=41146"},{"taxonomy":"product_cat","embeddable":true,"href":"https:\/\/merxfy.com\/it\/wp-json\/wp\/v2\/product_cat?post=41146"},{"taxonomy":"product_tag","embeddable":true,"href":"https:\/\/merxfy.com\/it\/wp-json\/wp\/v2\/product_tag?post=41146"}],"curies":[{"name":"wp","href":"https:\/\/api.w.org\/{rel}","templated":true}]}}