{"id":41059,"date":"2024-10-28T20:36:54","date_gmt":"2024-10-28T20:36:54","guid":{"rendered":"https:\/\/merxfy.com\/basilico-letto-per-materasso-160200\/"},"modified":"2025-06-14T08:06:09","modified_gmt":"2025-06-14T08:06:09","slug":"basilico-letto-per-materasso-160200","status":"publish","type":"product","link":"https:\/\/merxfy.com\/it\/basilico-letto-per-materasso-160200\/","title":{"rendered":"Alto Letto Basilico per Materasso 160*200"},"content":{"rendered":"<p>Il letto Basilico, disegnato da N Lab per il brand Alto, unisce versatilit\u00e0 e stile senza compromessi sulla qualit\u00e0. Realizzato in multistrato curvato da 18 mm, \u00e8 caratterizzato da un cuscino della testiera imbottito in schiuma di poliuretano e trapuntato con ovatta da 400 grammi, per un comfort extra. Il cuscino \u00e8 fissato alla testiera tramite una zip e due eleganti bretelle in pelle marrone scuro, che aggiungono un tocco raffinato e distintivo. I piedini in legno massello, con finitura marrone scuro verniciata ad acqua, conferiscono un aspetto naturale e sofisticato.<br \/>Con la sua estetica neutra e i materiali di alta qualit\u00e0, Basilico si inserisce perfettamente in diversi stili d\u2019arredo, diventando un punto focale elegante nella zona notte e offrendo il massimo comfort e relax.    <\/p>\n","protected":false},"excerpt":{"rendered":"<p>Il letto Basilico di Alto, disegnato da N Lab, unisce eleganza e comfort a materiali di alta qualit\u00e0 e a un design versatile. Il cuscino trapuntato e gli accenti in pelle creano un&#8217;atmosfera rilassante e sofisticata <\/p>\n","protected":false},"featured_media":39485,"comment_status":"open","ping_status":"closed","template":"","meta":[],"product_brand":[],"product_cat":[1437,1450],"product_tag":[],"class_list":{"0":"post-41059","1":"product","2":"type-product","3":"status-publish","4":"has-post-thumbnail","6":"product_cat-letti","7":"product_cat-arredamenti","8":"pa_brand-alto-it","9":"wcpa_has_options","11":"first","12":"instock","13":"taxable","14":"shipping-taxable","15":"purchasable","16":"product-type-variable","17":"has-default-attributes"},"_links":{"self":[{"href":"https:\/\/merxfy.com\/it\/wp-json\/wp\/v2\/product\/41059","targetHints":{"allow":["GET"]}}],"collection":[{"href":"https:\/\/merxfy.com\/it\/wp-json\/wp\/v2\/product"}],"about":[{"href":"https:\/\/merxfy.com\/it\/wp-json\/wp\/v2\/types\/product"}],"replies":[{"embeddable":true,"href":"https:\/\/merxfy.com\/it\/wp-json\/wp\/v2\/comments?post=41059"}],"version-history":[{"count":1,"href":"https:\/\/merxfy.com\/it\/wp-json\/wp\/v2\/product\/41059\/revisions"}],"predecessor-version":[{"id":43903,"href":"https:\/\/merxfy.com\/it\/wp-json\/wp\/v2\/product\/41059\/revisions\/43903"}],"wp:featuredmedia":[{"embeddable":true,"href":"https:\/\/merxfy.com\/it\/wp-json\/wp\/v2\/media\/39485"}],"wp:attachment":[{"href":"https:\/\/merxfy.com\/it\/wp-json\/wp\/v2\/media?parent=41059"}],"wp:term":[{"taxonomy":"product_brand","embeddable":true,"href":"https:\/\/merxfy.com\/it\/wp-json\/wp\/v2\/product_brand?post=41059"},{"taxonomy":"product_cat","embeddable":true,"href":"https:\/\/merxfy.com\/it\/wp-json\/wp\/v2\/product_cat?post=41059"},{"taxonomy":"product_tag","embeddable":true,"href":"https:\/\/merxfy.com\/it\/wp-json\/wp\/v2\/product_tag?post=41059"}],"curies":[{"name":"wp","href":"https:\/\/api.w.org\/{rel}","templated":true}]}}