{"id":40958,"date":"2024-10-28T21:24:07","date_gmt":"2024-10-28T21:24:07","guid":{"rendered":"https:\/\/merxfy.com\/letto-mezzanotte-per-materasso-160200\/"},"modified":"2025-06-14T08:03:50","modified_gmt":"2025-06-14T08:03:50","slug":"letto-mezzanotte-per-materasso-160200","status":"publish","type":"product","link":"https:\/\/merxfy.com\/it\/letto-mezzanotte-per-materasso-160200\/","title":{"rendered":"Alto Letto Mezzanotte per Materasso 160*200"},"content":{"rendered":"<p>Il letto con contenitore Mezzanotte di Alto, design di N Lab, offre un mix armonioso di comfort, funzionalit\u00e0 e raffinatezza. Costruito con pannelli di particelle di legno, il telaio e la testata sono imbottiti in poliuretano espanso ad alta densit\u00e0 e avvolti in tessuto di prima qualit\u00e0. La testiera \u00e8 decorata in modo unico con due morbidi cuscini in piuma d&#8217;oca, fissati da cinghie in pelle, che consentono un posizionamento regolabile, ideale per leggere o rilassarsi. Le sue linee pulite e semplici lo rendono adattabile a qualsiasi stile di arredamento, mentre un&#8217;ampia selezione di colori e finiture dei tessuti consente una completa personalizzazione. La struttura robusta e il design elegante di Mezzanotte creano un punto focale elegante, perfetto per chi cerca un comfort raffinato nella propria camera da letto    <\/p>\n","protected":false},"excerpt":{"rendered":"<p>Il letto con contenitore Mezzanotte di Alto, disegnato da N Lab, unisce comfort ed eleganza a una struttura rivestita in tessuto, cuscini regolabili in piuma d&#8217;oca e versatili opzioni di tessuto<\/p>\n","protected":false},"featured_media":39503,"comment_status":"open","ping_status":"closed","template":"","meta":[],"product_brand":[],"product_cat":[1437,1450],"product_tag":[],"class_list":{"0":"post-40958","1":"product","2":"type-product","3":"status-publish","4":"has-post-thumbnail","6":"product_cat-letti","7":"product_cat-arredamenti","8":"pa_brand-alto-it","9":"wcpa_has_options","11":"first","12":"instock","13":"taxable","14":"shipping-taxable","15":"purchasable","16":"product-type-variable","17":"has-default-attributes"},"_links":{"self":[{"href":"https:\/\/merxfy.com\/it\/wp-json\/wp\/v2\/product\/40958","targetHints":{"allow":["GET"]}}],"collection":[{"href":"https:\/\/merxfy.com\/it\/wp-json\/wp\/v2\/product"}],"about":[{"href":"https:\/\/merxfy.com\/it\/wp-json\/wp\/v2\/types\/product"}],"replies":[{"embeddable":true,"href":"https:\/\/merxfy.com\/it\/wp-json\/wp\/v2\/comments?post=40958"}],"version-history":[{"count":1,"href":"https:\/\/merxfy.com\/it\/wp-json\/wp\/v2\/product\/40958\/revisions"}],"predecessor-version":[{"id":43900,"href":"https:\/\/merxfy.com\/it\/wp-json\/wp\/v2\/product\/40958\/revisions\/43900"}],"wp:featuredmedia":[{"embeddable":true,"href":"https:\/\/merxfy.com\/it\/wp-json\/wp\/v2\/media\/39503"}],"wp:attachment":[{"href":"https:\/\/merxfy.com\/it\/wp-json\/wp\/v2\/media?parent=40958"}],"wp:term":[{"taxonomy":"product_brand","embeddable":true,"href":"https:\/\/merxfy.com\/it\/wp-json\/wp\/v2\/product_brand?post=40958"},{"taxonomy":"product_cat","embeddable":true,"href":"https:\/\/merxfy.com\/it\/wp-json\/wp\/v2\/product_cat?post=40958"},{"taxonomy":"product_tag","embeddable":true,"href":"https:\/\/merxfy.com\/it\/wp-json\/wp\/v2\/product_tag?post=40958"}],"curies":[{"name":"wp","href":"https:\/\/api.w.org\/{rel}","templated":true}]}}