{"id":40907,"date":"2024-10-28T21:46:24","date_gmt":"2024-10-28T21:46:24","guid":{"rendered":"https:\/\/merxfy.com\/teda-letto-per-materasso-160200\/"},"modified":"2025-06-14T08:03:50","modified_gmt":"2025-06-14T08:03:50","slug":"teda-letto-per-materasso-160200","status":"publish","type":"product","link":"https:\/\/merxfy.com\/it\/teda-letto-per-materasso-160200\/","title":{"rendered":"Alto Letto Teda per Materasso 160*200"},"content":{"rendered":"<p>Disegnato da Maurizio e Silvia Varsi per il brand Alto, il letto Teda combina un&#8217;estetica raffinata con una costruzione robusta. Dotato di testiera e giroletto realizzati in compensato da 18 mm e imbottito con schiuma poliuretanica ad alta densit\u00e0 da 8 mm, questo letto emana comfort e stile. La struttura in legno di frassino di alta qualit\u00e0 \u00e8 disponibile in una selezione di finiture e si distingue per i suoi esclusivi piedini a coda di balena, un elemento di design che aggiunge un tocco contemporaneo e distintivo. La solida struttura garantisce un&#8217;eccezionale stabilit\u00e0 e ogni dettaglio mette in mostra l&#8217;impegno del duo Varsi per l&#8217;eleganza e la funzionalit\u00e0, rendendo Teda una scelta eccezionale per gli ambienti della camera da letto moderni   <\/p>\n","protected":false},"excerpt":{"rendered":"<p>Il letto Teda di Alto, disegnato da Maurizio e Silvia Varsi, combina design elegante e stabilit\u00e0 con la sua struttura in legno di frassino e gli esclusivi piedini a coda di balena, aggiungendo un tocco distintivo e moderno<\/p>\n","protected":false},"featured_media":39508,"comment_status":"open","ping_status":"closed","template":"","meta":[],"product_brand":[],"product_cat":[1437,1450],"product_tag":[],"class_list":{"0":"post-40907","1":"product","2":"type-product","3":"status-publish","4":"has-post-thumbnail","6":"product_cat-letti","7":"product_cat-arredamenti","8":"pa_brand-alto-it","9":"wcpa_has_options","11":"first","12":"instock","13":"taxable","14":"shipping-taxable","15":"purchasable","16":"product-type-variable","17":"has-default-attributes"},"_links":{"self":[{"href":"https:\/\/merxfy.com\/it\/wp-json\/wp\/v2\/product\/40907","targetHints":{"allow":["GET"]}}],"collection":[{"href":"https:\/\/merxfy.com\/it\/wp-json\/wp\/v2\/product"}],"about":[{"href":"https:\/\/merxfy.com\/it\/wp-json\/wp\/v2\/types\/product"}],"replies":[{"embeddable":true,"href":"https:\/\/merxfy.com\/it\/wp-json\/wp\/v2\/comments?post=40907"}],"version-history":[{"count":1,"href":"https:\/\/merxfy.com\/it\/wp-json\/wp\/v2\/product\/40907\/revisions"}],"predecessor-version":[{"id":43899,"href":"https:\/\/merxfy.com\/it\/wp-json\/wp\/v2\/product\/40907\/revisions\/43899"}],"wp:featuredmedia":[{"embeddable":true,"href":"https:\/\/merxfy.com\/it\/wp-json\/wp\/v2\/media\/39508"}],"wp:attachment":[{"href":"https:\/\/merxfy.com\/it\/wp-json\/wp\/v2\/media?parent=40907"}],"wp:term":[{"taxonomy":"product_brand","embeddable":true,"href":"https:\/\/merxfy.com\/it\/wp-json\/wp\/v2\/product_brand?post=40907"},{"taxonomy":"product_cat","embeddable":true,"href":"https:\/\/merxfy.com\/it\/wp-json\/wp\/v2\/product_cat?post=40907"},{"taxonomy":"product_tag","embeddable":true,"href":"https:\/\/merxfy.com\/it\/wp-json\/wp\/v2\/product_tag?post=40907"}],"curies":[{"name":"wp","href":"https:\/\/api.w.org\/{rel}","templated":true}]}}