{"id":40856,"date":"2024-11-06T09:37:43","date_gmt":"2024-11-06T09:37:43","guid":{"rendered":"https:\/\/merxfy.com\/vesuvio-letto-letto-per-materasso-160200-tessuto-urbano\/"},"modified":"2025-06-14T08:03:49","modified_gmt":"2025-06-14T08:03:49","slug":"vesuvio-letto-letto-per-materasso-160200-tessuto-urbano","status":"publish","type":"product","link":"https:\/\/merxfy.com\/it\/vesuvio-letto-letto-per-materasso-160200-tessuto-urbano\/","title":{"rendered":"Alto Letto Vesuvio per Materasso 160*200 &#8211; Tessuto: Urbano"},"content":{"rendered":"<p>Il letto con contenitore Vesuvio di Alto, disegnato da N Lab, \u00e8 un mix versatile di eleganza e praticit\u00e0. Realizzato con un telaio in truciolare di legno curvato da 18 mm, \u00e8 avvolto in schiuma di poliuretano e morbida ovatta da 400 g, che offre durata e comfort. La curva delicata della testiera avvolge come un caldo abbraccio, creando un invitante rifugio per il relax. Vesuvio si adatta perfettamente a qualsiasi stile di arredamento, sia esso moderno o classico, minimalista o elegante, grazie alla variet\u00e0 di rivestimenti e finiture disponibili. I piedini decorativi in metallo tagliato al laser, proposti in sei colori, aggiungono un tocco di personalizzazione e personalit\u00e0. Vesuvio \u00e8 una scelta sofisticata ma funzionale, che offre ampio spazio di archiviazione senza compromettere lo stile     <\/p>\n","protected":false},"excerpt":{"rendered":"<p>Il letto Vesuvio di Alto, disegnato da N Lab, unisce funzionalit\u00e0 e design ricercato, caratterizzato da testiera curva e contenitore integrato. Disponibile in varie finiture e coperture, si adatta senza sforzo a qualsiasi stile di arredamento <\/p>\n","protected":false},"featured_media":39497,"comment_status":"open","ping_status":"closed","template":"","meta":[],"product_brand":[],"product_cat":[1437,1450],"product_tag":[],"class_list":{"0":"post-40856","1":"product","2":"type-product","3":"status-publish","4":"has-post-thumbnail","6":"product_cat-letti","7":"product_cat-arredamenti","8":"pa_brand-alto-it","9":"wcpa_has_options","11":"first","12":"instock","13":"taxable","14":"shipping-taxable","15":"purchasable","16":"product-type-variable","17":"has-default-attributes"},"_links":{"self":[{"href":"https:\/\/merxfy.com\/it\/wp-json\/wp\/v2\/product\/40856","targetHints":{"allow":["GET"]}}],"collection":[{"href":"https:\/\/merxfy.com\/it\/wp-json\/wp\/v2\/product"}],"about":[{"href":"https:\/\/merxfy.com\/it\/wp-json\/wp\/v2\/types\/product"}],"replies":[{"embeddable":true,"href":"https:\/\/merxfy.com\/it\/wp-json\/wp\/v2\/comments?post=40856"}],"version-history":[{"count":1,"href":"https:\/\/merxfy.com\/it\/wp-json\/wp\/v2\/product\/40856\/revisions"}],"predecessor-version":[{"id":43879,"href":"https:\/\/merxfy.com\/it\/wp-json\/wp\/v2\/product\/40856\/revisions\/43879"}],"wp:featuredmedia":[{"embeddable":true,"href":"https:\/\/merxfy.com\/it\/wp-json\/wp\/v2\/media\/39497"}],"wp:attachment":[{"href":"https:\/\/merxfy.com\/it\/wp-json\/wp\/v2\/media?parent=40856"}],"wp:term":[{"taxonomy":"product_brand","embeddable":true,"href":"https:\/\/merxfy.com\/it\/wp-json\/wp\/v2\/product_brand?post=40856"},{"taxonomy":"product_cat","embeddable":true,"href":"https:\/\/merxfy.com\/it\/wp-json\/wp\/v2\/product_cat?post=40856"},{"taxonomy":"product_tag","embeddable":true,"href":"https:\/\/merxfy.com\/it\/wp-json\/wp\/v2\/product_tag?post=40856"}],"curies":[{"name":"wp","href":"https:\/\/api.w.org\/{rel}","templated":true}]}}