{"id":40719,"date":"2024-11-06T11:18:54","date_gmt":"2024-11-06T11:18:54","guid":{"rendered":"https:\/\/merxfy.com\/tessa-letto-per-materasso-160200-tessuto-urbano\/"},"modified":"2025-06-14T08:03:48","modified_gmt":"2025-06-14T08:03:48","slug":"tessa-letto-per-materasso-160200-tessuto-urbano","status":"publish","type":"product","link":"https:\/\/merxfy.com\/it\/tessa-letto-per-materasso-160200-tessuto-urbano\/","title":{"rendered":"Alto Tessa Bed For Mattress 160*200 \u2013 Fabric: Urbano"},"content":{"rendered":"<p>Il letto Tessa di Alto, disegnato da N Lab, offre un sofisticato mix di stile moderno e funzionalit\u00e0. Costruito con una testiera in compensato da 18 mm e un pannello di contenimento dell&#8217;anello del letto, il letto \u00e8 rivestito da un morbido strato di schiuma poliuretanica e tessuto di alta qualit\u00e0. La testiera \u00e8 decorata con morbidi cuscini imbottiti con morbida schiuma e ovatta da 400 g, fissati tramite cerniere invisibili per un look senza soluzione di continuit\u00e0. Progettati per la comodit\u00e0 di tutti i giorni, sia il letto che le fodere dei cuscini possono essere rimossi senza sforzo per la pulizia. Disponibile in diverse dimensioni, il letto Tessa si adatta perfettamente all&#8217;arredamento di qualsiasi ambiente, arricchendolo con un tocco di sobria eleganza e praticit\u00e0    <\/p>\n","protected":false},"excerpt":{"rendered":"<p>Il letto Tessa di Alto, disegnato da N Lab, combina eleganza minimalista e praticit\u00e0 con una struttura in multistrato, una morbida testiera con ripiano a cuscino e rivestimenti sfoderabili, che lo rendono un&#8217;aggiunta versatile a qualsiasi arredamento della camera da letto<\/p>\n","protected":false},"featured_media":39478,"comment_status":"open","ping_status":"closed","template":"","meta":[],"product_brand":[],"product_cat":[1437,1450],"product_tag":[],"class_list":{"0":"post-40719","1":"product","2":"type-product","3":"status-publish","4":"has-post-thumbnail","6":"product_cat-letti","7":"product_cat-arredamenti","8":"pa_brand-alto-it","9":"wcpa_has_options","11":"first","12":"instock","13":"taxable","14":"shipping-taxable","15":"purchasable","16":"product-type-variable","17":"has-default-attributes"},"_links":{"self":[{"href":"https:\/\/merxfy.com\/it\/wp-json\/wp\/v2\/product\/40719","targetHints":{"allow":["GET"]}}],"collection":[{"href":"https:\/\/merxfy.com\/it\/wp-json\/wp\/v2\/product"}],"about":[{"href":"https:\/\/merxfy.com\/it\/wp-json\/wp\/v2\/types\/product"}],"replies":[{"embeddable":true,"href":"https:\/\/merxfy.com\/it\/wp-json\/wp\/v2\/comments?post=40719"}],"version-history":[{"count":1,"href":"https:\/\/merxfy.com\/it\/wp-json\/wp\/v2\/product\/40719\/revisions"}],"predecessor-version":[{"id":54565,"href":"https:\/\/merxfy.com\/it\/wp-json\/wp\/v2\/product\/40719\/revisions\/54565"}],"wp:featuredmedia":[{"embeddable":true,"href":"https:\/\/merxfy.com\/it\/wp-json\/wp\/v2\/media\/39478"}],"wp:attachment":[{"href":"https:\/\/merxfy.com\/it\/wp-json\/wp\/v2\/media?parent=40719"}],"wp:term":[{"taxonomy":"product_brand","embeddable":true,"href":"https:\/\/merxfy.com\/it\/wp-json\/wp\/v2\/product_brand?post=40719"},{"taxonomy":"product_cat","embeddable":true,"href":"https:\/\/merxfy.com\/it\/wp-json\/wp\/v2\/product_cat?post=40719"},{"taxonomy":"product_tag","embeddable":true,"href":"https:\/\/merxfy.com\/it\/wp-json\/wp\/v2\/product_tag?post=40719"}],"curies":[{"name":"wp","href":"https:\/\/api.w.org\/{rel}","templated":true}]}}