{"id":40579,"date":"2024-09-21T14:51:59","date_gmt":"2024-09-21T14:51:59","guid":{"rendered":"https:\/\/merxfy.com\/soft-island-poltrona-da-esterno\/"},"modified":"2025-05-01T08:28:54","modified_gmt":"2025-05-01T08:28:54","slug":"soft-island-poltrona-da-esterno","status":"publish","type":"product","link":"https:\/\/merxfy.com\/it\/soft-island-poltrona-da-esterno\/","title":{"rendered":"Poltrona da Esterni Soft Island di Liu Jo Living 1"},"content":{"rendered":"<p>La poltrona da esterno Soft Island ridefinisce il concetto di spazi esterni combinando l&#8217;eleganza del design italiano con un comfort senza pari. La sua versatilit\u00e0, la capacit\u00e0 di trasformarsi e i materiali di alta qualit\u00e0 rendono Soft Island Outdoor l&#8217;aggiunta perfetta per chi cerca un pezzo che sia allo stesso tempo bello e funzionale. Con l&#8217;acquisizione di sempre maggiore importanza degli spazi esterni, Soft Island Outdoor offre una soluzione completa che non solo arreda ma crea un vero e proprio santuario di stile e relax  <\/p>\n","protected":false},"excerpt":{"rendered":"<p>La Poltrona da Esterno Soft Island di Liu Jo \u00e8 un perfetto connubio tra eleganza e funzionalit\u00e0, pensata per adattarsi a varie esigenze e contesti. Questo pezzo versatile pu\u00f2 trasformarsi facilmente in un pouf, un divano o persino un letto, rendendolo il fulcro di qualsiasi spazio esterno. <\/p>\n","protected":false},"featured_media":37454,"comment_status":"open","ping_status":"closed","template":"","meta":[],"product_brand":[],"product_cat":[1446,1449],"product_tag":[],"class_list":{"0":"post-40579","1":"product","2":"type-product","3":"status-publish","4":"has-post-thumbnail","6":"product_cat-poltrone","7":"product_cat-esterni","8":"pa_brand-liu-jo-living-it","9":"wcpa_has_options","11":"first","12":"outofstock","13":"taxable","14":"shipping-taxable","15":"product-type-variable","16":"has-default-attributes"},"_links":{"self":[{"href":"https:\/\/merxfy.com\/it\/wp-json\/wp\/v2\/product\/40579","targetHints":{"allow":["GET"]}}],"collection":[{"href":"https:\/\/merxfy.com\/it\/wp-json\/wp\/v2\/product"}],"about":[{"href":"https:\/\/merxfy.com\/it\/wp-json\/wp\/v2\/types\/product"}],"replies":[{"embeddable":true,"href":"https:\/\/merxfy.com\/it\/wp-json\/wp\/v2\/comments?post=40579"}],"version-history":[{"count":1,"href":"https:\/\/merxfy.com\/it\/wp-json\/wp\/v2\/product\/40579\/revisions"}],"predecessor-version":[{"id":53195,"href":"https:\/\/merxfy.com\/it\/wp-json\/wp\/v2\/product\/40579\/revisions\/53195"}],"wp:featuredmedia":[{"embeddable":true,"href":"https:\/\/merxfy.com\/it\/wp-json\/wp\/v2\/media\/37454"}],"wp:attachment":[{"href":"https:\/\/merxfy.com\/it\/wp-json\/wp\/v2\/media?parent=40579"}],"wp:term":[{"taxonomy":"product_brand","embeddable":true,"href":"https:\/\/merxfy.com\/it\/wp-json\/wp\/v2\/product_brand?post=40579"},{"taxonomy":"product_cat","embeddable":true,"href":"https:\/\/merxfy.com\/it\/wp-json\/wp\/v2\/product_cat?post=40579"},{"taxonomy":"product_tag","embeddable":true,"href":"https:\/\/merxfy.com\/it\/wp-json\/wp\/v2\/product_tag?post=40579"}],"curies":[{"name":"wp","href":"https:\/\/api.w.org\/{rel}","templated":true}]}}