{"id":40508,"date":"2025-02-16T19:26:15","date_gmt":"2025-02-16T19:26:15","guid":{"rendered":"https:\/\/merxfy.com\/poltrona-atmosfera-1950-orange-di-gianluigi-landoni\/"},"modified":"2025-06-14T08:02:31","modified_gmt":"2025-06-14T08:02:31","slug":"poltrona-atmosfera-1950-orange-di-gianluigi-landoni","status":"publish","type":"product","link":"https:\/\/merxfy.com\/it\/poltrona-atmosfera-1950-orange-di-gianluigi-landoni\/","title":{"rendered":"Vibieffe poltrona Atmosfera 1950 in tessuto arancione di Gianluigi Landoni"},"content":{"rendered":"<p>Un perfetto equilibrio tra comfort e stile, la poltrona Atmosfera 1950 in tessuto arancione di Vibieffe disegnata da Gianluigi Landoni \u00e8 progettata per creare un angolo accogliente e raffinato. La sua silhouette compatta ma accogliente \u00e8 definita da una seduta alta 40 cm, abbracciata da uno schienale scolpito con fianchi inclinati che si trasformano senza soluzione di continuit\u00e0 in braccioli. Poggiata su piedi affusolati in legno tinto in una profonda tonalit\u00e0 espresso, la sedia \u00e8 completamente rivestita in un caldo e vellutato tessuto arancione. Su richiesta sono disponibili opzioni di personalizzazione, compresi rivestimenti alternativi. Si prega di contattare il nostro Concierge per ulteriori dettagli.<\/p>\n","protected":false},"excerpt":{"rendered":"<p>La poltrona Atmosfera 1950 in tessuto arancione di Vibieffe disegnata da Gianluigi Landoni presenta volumi morbidi e un design avvolgente, offrendo un comfort eccezionale. Il suo rivestimento arancione vellutato contrasta elegantemente con la base affusolata in legno macchiato di caff\u00e8 espresso<\/p>\n","protected":false},"featured_media":39749,"comment_status":"open","ping_status":"closed","template":"","meta":[],"product_brand":[],"product_cat":[1446],"product_tag":[],"class_list":{"0":"post-40508","1":"product","2":"type-product","3":"status-publish","4":"has-post-thumbnail","6":"product_cat-poltrone","7":"pa_brand-vibieffe-it","8":"wcpa_has_options","10":"first","11":"instock","12":"taxable","13":"shipping-taxable","14":"purchasable","15":"product-type-simple"},"_links":{"self":[{"href":"https:\/\/merxfy.com\/it\/wp-json\/wp\/v2\/product\/40508","targetHints":{"allow":["GET"]}}],"collection":[{"href":"https:\/\/merxfy.com\/it\/wp-json\/wp\/v2\/product"}],"about":[{"href":"https:\/\/merxfy.com\/it\/wp-json\/wp\/v2\/types\/product"}],"replies":[{"embeddable":true,"href":"https:\/\/merxfy.com\/it\/wp-json\/wp\/v2\/comments?post=40508"}],"version-history":[{"count":1,"href":"https:\/\/merxfy.com\/it\/wp-json\/wp\/v2\/product\/40508\/revisions"}],"predecessor-version":[{"id":43751,"href":"https:\/\/merxfy.com\/it\/wp-json\/wp\/v2\/product\/40508\/revisions\/43751"}],"wp:featuredmedia":[{"embeddable":true,"href":"https:\/\/merxfy.com\/it\/wp-json\/wp\/v2\/media\/39749"}],"wp:attachment":[{"href":"https:\/\/merxfy.com\/it\/wp-json\/wp\/v2\/media?parent=40508"}],"wp:term":[{"taxonomy":"product_brand","embeddable":true,"href":"https:\/\/merxfy.com\/it\/wp-json\/wp\/v2\/product_brand?post=40508"},{"taxonomy":"product_cat","embeddable":true,"href":"https:\/\/merxfy.com\/it\/wp-json\/wp\/v2\/product_cat?post=40508"},{"taxonomy":"product_tag","embeddable":true,"href":"https:\/\/merxfy.com\/it\/wp-json\/wp\/v2\/product_tag?post=40508"}],"curies":[{"name":"wp","href":"https:\/\/api.w.org\/{rel}","templated":true}]}}