{"id":41730,"date":"2024-09-05T12:21:24","date_gmt":"2024-09-05T12:21:24","guid":{"rendered":"https:\/\/merxfy.com\/termini-e-condizioni\/"},"modified":"2025-03-07T14:12:59","modified_gmt":"2025-03-07T14:12:59","slug":"termini-e-condizioni","status":"publish","type":"page","link":"https:\/\/merxfy.com\/it\/termini-e-condizioni\/","title":{"rendered":"Termini e condizioni"},"content":{"rendered":"<p><span style=\"font-weight: 400;\">Benvenuti in <\/span><b>Merxfy.com<\/b><span style=\"font-weight: 400;\"> (di seguito &#8220;il Sito&#8221;), di propriet\u00e0 e gestito da <\/span><b>CC Group srls<\/b><span style=\"font-weight: 400;\">, con sede in Via San Gregorio 4, Busto Arsizio (VA), Italia. Accedendo e utilizzando questo sito Web, l&#8217;utente accetta i seguenti termini e condizioni. <\/span><\/p>\n<p><span style=\"font-weight: 400;\">CC Group Srls <\/span><b>\u00e8 rivenditore online ufficiale autorizzato di tutti i Marchi presenti su questo Sito.<\/b><\/p>\n<ol>\n<li><b> Disposizioni generali<\/b><\/li>\n<\/ol>\n<p><span style=\"font-weight: 400;\">1.1. I presenti termini e condizioni regolano l&#8217;utilizzo del Sito Web e dei servizi forniti da <\/span><b>CC Group srls<\/b><span style=\"font-weight: 400;\"> (di seguito &#8220;la Societ\u00e0&#8221;).<\/span><span style=\"font-weight: 400;\"><br \/>\n<\/span><span style=\"font-weight: 400;\">1.2. Utilizzando questo sito Web, l&#8217;utente riconosce e accetta di essere vincolato da questi termini e condizioni. Se non si \u00e8 d&#8217;accordo con qualsiasi parte di questi termini, \u00e8 necessario interrompere l&#8217;utilizzo del sito Web. <\/span><\/p>\n<ol start=\"2\">\n<li><b> Prodotti e Servizi<\/b><b><br \/>\n<\/b><span style=\"font-weight: 400;\">2.1. Il sito Web offre una variet\u00e0 di prodotti in vendita. Tutte le descrizioni dei prodotti, le immagini e i prezzi sono soggetti a modifiche senza preavviso. La Societ\u00e0 compie ogni sforzo per garantire l&#8217;accuratezza delle informazioni fornite, ma non pu\u00f2 garantire che siano prive di errori. <\/span><span style=\"font-weight: 400;\"><br \/>\n<\/span><span style=\"font-weight: 400;\">2.2. La disponibilit\u00e0 dei prodotti pu\u00f2 variare. In caso di indisponibilit\u00e0 dopo l&#8217;effettuazione dell&#8217;ordine, la Societ\u00e0 informer\u00e0 tempestivamente il cliente e offrir\u00e0 alternative o un rimborso. <\/span><span style=\"font-weight: 400;\"><br \/>\n<\/span><span style=\"font-weight: 400;\">2.3. Tutti gli ordini sono soggetti all&#8217;accettazione da parte della Societ\u00e0. <\/span><\/li>\n<li><b> Prezzi e pagamento<\/b><b><br \/>\n<\/b><span style=\"font-weight: 400;\">3.1. I prezzi sono espressi in euro e non sono comprensivi di IVA, salvo diversa indicazione. <\/span><span style=\"font-weight: 400;\"><br \/>\n<\/span><span style=\"font-weight: 400;\">3.2. Il sito Web supporta i pagamenti tramite <\/span><b>PayPal<\/b><span style=\"font-weight: 400;\"> e <\/span><b>bonifico bancario<\/b><span style=\"font-weight: 400;\">. I clienti possono scegliere il metodo di pagamento preferito durante il checkout. <\/span><span style=\"font-weight: 400;\"><br \/>\n<\/span><span style=\"font-weight: 400;\">3.3. Pagamento tramite <\/span><b>PayPal<\/b><span style=\"font-weight: 400;\"> garantisce una transazione sicura e veloce attraverso il gateway PayPal. Non vengono applicate commissioni aggiuntive per i pagamenti PayPal se non esplicitamente indicato durante l&#8217;acquisto. <\/span><span style=\"font-weight: 400;\"><br \/>\n<\/span><span style=\"font-weight: 400;\">3.4. Per <\/span><b>bonifici bancari<\/b><span style=\"font-weight: 400;\">, i dettagli di pagamento verranno forniti al momento del pagamento. Gli ordini verranno evasi una volta che l&#8217;intero importo sar\u00e0 accreditato sul conto bancario della Societ\u00e0. <\/span><span style=\"font-weight: 400;\"><br \/>\n<\/span><span style=\"font-weight: 400;\">3.5. La Societ\u00e0 si riserva il diritto di modificare le opzioni di pagamento in qualsiasi momento. <\/span><\/li>\n<\/ol>\n<p><span style=\"font-weight: 400;\">3.6 <\/span><span style=\"font-weight: 400;\">Una volta confermato, l&#8217;ordine deve essere annullato solo entro 24 ore, al termine delle quali il cliente \u00e8 tenuto a pagare l&#8217;ordine. In conformit\u00e0 con le leggi, i nostri clienti, in ogni caso, possono restituire l&#8217;ordine entro 14 giorni dal ricevimento, come previsto dalla nostra politica di reso (7. Diritto di recesso) <\/span><\/p>\n<ol start=\"4\">\n<li><b> Spedizione e consegna<\/b><b><br \/>\n<\/b><span style=\"font-weight: 400;\">4.1. La Societ\u00e0 spedisce i prodotti agli indirizzi forniti durante il processo di checkout. I tempi di consegna stimati verranno comunicati una volta confermato l&#8217;ordine. <\/span><span style=\"font-weight: 400;\"><br \/>\n<\/span><span style=\"font-weight: 400;\">4.2. Le spese di spedizione sono calcolate in base alla destinazione, al peso e alle dimensioni degli articoli. <\/span><span style=\"font-weight: 400;\"><br \/>\n<\/span><span style=\"font-weight: 400;\">4.3. La Societ\u00e0 non \u00e8 responsabile per ritardi causati da fattori al di fuori del suo controllo, comprese le procedure doganali e i ritardi di trasporto. <\/span><\/li>\n<li><b>Accettazione dell&#8217;ordine<\/b><\/li>\n<\/ol>\n<p><span style=\"font-weight: 400;\">Il contratto si concluder\u00e0 solo al momento della conferma dell&#8217;ordine da parte di CC GROUP SRLS. Il Cliente sar\u00e0 informato dell&#8217;accettazione via fax, posta ordinaria o e-mail. Tale comunicazione includer\u00e0 la conferma dell&#8217;ordine insieme a tutti i dettagli del contratto (prodotti, prezzi, date di consegna, spese di spedizione, ecc.). CC Group SRLS si riserva il diritto di rifiutare qualsiasi ordine per qualsiasi motivo, in particolare in caso di problemi di fornitura o dubbi legati all&#8217;ordine stesso. <\/span><\/p>\n<ol start=\"6\">\n<li><b> Consegna<\/b><\/li>\n<\/ol>\n<p><span style=\"font-weight: 400;\">Le consegne vengono effettuate solo al piano strada; i prodotti non saranno consegnati al piano del Cliente e non saranno accettate permute. Salvo quanto diversamente specificato o concordato per iscritto, CC Group SRLS non fornisce alcun servizio di montaggio. <\/span><\/p>\n<p><span style=\"font-weight: 400;\">Attenzione:<\/span><\/p>\n<p><span style=\"font-weight: 400;\">Al momento della consegna, il Cliente \u00e8 tenuto a ispezionare il contenuto della confezione, assicurandosi che il\/i Prodotto\/i sia conforme e in buone condizioni. CC GROUP SRLS raccomanda di verificare lo stato generale del\/i Prodotto\/i prima di firmare la bolla di consegna. In particolare, il Cliente dovr\u00e0 verificare che: <\/span><\/p>\n<p>&nbsp;<\/p>\n<p><span style=\"font-weight: 400;\">&#8211; Il numero dei colli corrisponde a quanto indicato nella bolla di consegna allegata.<\/span><\/p>\n<p><span style=\"font-weight: 400;\">&#8211; La confezione sia integra, senza danni, umidit\u00e0 o manomissioni e che il contenuto non sia danneggiato.<\/span><\/p>\n<p><span style=\"font-weight: 400;\">Qualora il Cliente riscontri discrepanze, dovr\u00e0 rifiutare la consegna dei Prodotti o fornire note scritte e datate delle problematiche. Una volta che il Cliente ha firmato la bolla di consegna senza alcuna &#8220;riserva&#8221;, non sar\u00e0 in grado di contestare lo stato esterno del Prodotto consegnato. Eventuali dubbi relativi all&#8217;integrit\u00e0, all&#8217;accuratezza o alla completezza dei Prodotti ricevuti devono essere segnalati entro tre (3) giorni dalla consegna. <\/span><\/p>\n<p><span style=\"font-weight: 400;\">CC GROUP SRLS si riserva il diritto di consegnare i Prodotti utilizzando un corriere scelto dal Cliente.<\/span><\/p>\n<p><span style=\"font-weight: 400;\">Eventuali termini e condizioni particolari di consegna devono essere preventivamente concordati tra il Cliente e CC GROUP SRLS e confermati per iscritto da CC GROUP SRLS.<\/span><\/p>\n<p>&nbsp;<\/p>\n<ol start=\"7\">\n<li><b> Resi e rimborsi<\/b><\/li>\n<\/ol>\n<p><span style=\"font-weight: 400;\">7.1 Ai sensi dell&#8217;articolo 5 del decreto legislativo 22 maggio 1999, n. 185, il Cliente (se qualificabile come &#8220;consumatore&#8221; ai sensi dell&#8217;articolo 1, lettera B, del D. Lgs 22 maggio 1999 n. 185) ha diritto di recedere dal contratto e di restituire i Prodotti ordinati senza alcuna penalit\u00e0 e senza necessit\u00e0 di specificarne il motivo, entro 14 (quattordici) giorni dalla data di consegna.<\/span><\/p>\n<p><span style=\"font-weight: 400;\">7.2 Il Cliente ha diritto di recedere dal contratto di vendita entro 14 giorni senza fornire alcuna motivazione. Questo periodo di recesso terminer\u00e0 14 giorni dopo che il Cliente, o una terza parte designata dal Cliente (diversa dal vettore), prende possesso fisico della merce. <\/span><\/p>\n<p>&nbsp;<\/p>\n<p><span style=\"font-weight: 400;\">Per esercitare il diritto di recesso, il Cliente deve comunicare chiaramente la propria decisione:<\/span><\/p>\n<p>&nbsp;<\/p>\n<p><span style=\"font-weight: 400;\">&#8211; Per posta all&#8217;indirizzo CC GROUP SRLS &#8211; Via San Gregorio 4 &#8211; 21052 Busto Arsizio &#8211; (VARESE), Italia<\/span><\/p>\n<p><span style=\"font-weight: 400;\">&#8211; Tramite e-mail all&#8217;indirizzo info@merxfy.com<\/span><\/p>\n<p>&nbsp;<\/p>\n<p><span style=\"font-weight: 400;\">Per rispettare il termine di recesso, il Cliente deve semplicemente inviare la propria comunicazione di recesso prima della scadenza del termine.<\/span><\/p>\n<p><span style=\"font-weight: 400;\">Si prega di utilizzare il testo in formato sottostante per la comunicazione di RESO:<\/span><\/p>\n<p>&nbsp;<\/p>\n<p><span style=\"font-weight: 400;\">Con la presente io\/noi (*) notifico\/notifichiamo (*) il mio\/nostro (*) contratto di vendita dei seguenti beni (*) \/per la fornitura del seguente servizio (*),<\/span><\/p>\n<p><span style=\"font-weight: 400;\">_________________________________________________<\/span><\/p>\n<p><span style=\"font-weight: 400;\">Ordinato il (*) ____________ \/ ricevuto il (*) __________________<\/span><\/p>\n<p><span style=\"font-weight: 400;\">________________________________________________________<\/span><\/p>\n<p><span style=\"font-weight: 400;\">Nome del\/dei consumatore\/i<\/span><\/p>\n<p><span style=\"font-weight: 400;\">________________________________________________________<\/span><\/p>\n<p><span style=\"font-weight: 400;\">Indirizzo del\/dei consumatore\/i<\/span><\/p>\n<p><span style=\"font-weight: 400;\">________________________________________________________<\/span><\/p>\n<p><span style=\"font-weight: 400;\">Firma del\/dei consumatore\/i (solo se il presente modulo \u00e8 notificato in formato cartaceo)<\/span><\/p>\n<p><span style=\"font-weight: 400;\">_________________________<\/span><\/p>\n<p><span style=\"font-weight: 400;\">____________________________\u2013__________<\/span><\/p>\n<p>&nbsp;<\/p>\n<p><span style=\"font-weight: 400;\">7.3 Effetti del recesso:<\/span><\/p>\n<p><span style=\"font-weight: 400;\">In caso di reso, il cliente \u00e8 responsabile di tutti i costi relativi alla restituzione della merce ordinata, compresi eventuali dazi e tasse doganali, che saranno detratti dal rimborso. Il cliente deve inoltre garantire un imballaggio adeguato e l&#8217;integrit\u00e0 del contenuto. Gli articoli restituiti devono essere nella loro confezione originale e in perfette condizioni. Se il cliente recede dal presente contratto, rimborseremo tutti i pagamenti ricevuti, escluse le spese di consegna. <\/span><\/p>\n<p><span style=\"font-weight: 400;\">Possiamo detrarre dal rimborso qualsiasi perdita di valore della merce restituita se tale perdita \u00e8 dovuta a una manipolazione non necessaria da parte del cliente.<\/span><\/p>\n<p><span style=\"font-weight: 400;\">Elaboreremo il rimborso senza indebito ritardo e non oltre: (a) 14 giorni dalla ricezione della merce restituita dal cliente.<\/span><\/p>\n<p><span style=\"font-weight: 400;\">Il rimborso sar\u00e0 effettuato utilizzando lo stesso metodo di pagamento utilizzato per la transazione originale, a meno che il cliente non abbia esplicitamente accettato un altro metodo. In ogni caso, il cliente non dovr\u00e0 sostenere alcun costo a seguito del rimborso. <\/span><\/p>\n<p><span style=\"font-weight: 400;\">7.4 Il cliente \u00e8 responsabile di qualsiasi perdita di valore dei beni risultante da una manipolazione che vada oltre quanto necessario per valutarne la natura, le caratteristiche e la funzionalit\u00e0. Gli articoli restituiti devono essere in condizioni idonee alla rivendita. Si prega di notare che se la merce viene restituita in condizioni non rivendibili, potremmo trattenere un importo equivalente alla riduzione di valore dell&#8217;articolo. <\/span><\/p>\n<p><span style=\"font-weight: 400;\">7.5 Il diritto di recesso di cui al punto 7.1 non pu\u00f2 essere esercitato dal cliente se i prodotti acquistati sono stati personalizzati secondo le specifiche del consumatore, sono chiaramente personalizzati o sono soggetti a rapido deterioramento o scadenza.<\/span><\/p>\n<p><span style=\"font-weight: 400;\">7.6 CC GROUP SRLS consiglia ai clienti di verificare lo stato generale del\/i prodotto\/i prima di firmare la bolla di consegna. In particolare, il cliente deve assicurarsi che il numero dei colli corrisponda a quanto indicato nella bolla di consegna e che il pacco sia integro\/esente da danni, umidit\u00e0 o manomissione e che il contenuto non sia danneggiato. <\/span><\/p>\n<ol start=\"8\">\n<li><span style=\"font-weight: 400;\"> Crediti<\/span><\/li>\n<\/ol>\n<p><span style=\"font-weight: 400;\">I reclami relativi alla non conformit\u00e0 del\/i prodotto\/i consegnato\/i all&#8217;ordine devono essere presentati per iscritto a CC GROUP SRLS immediatamente dopo aver ricevuto la merce. Questo pu\u00f2 essere fatto inviando un&#8217;e-mail a <\/span><a href=\"mailto:info@merxfy.com\"><span style=\"font-weight: 400;\">info@merxfy.com<\/span><\/a><span style=\"font-weight: 400;\"> .<\/span><\/p>\n<p>&nbsp;<\/p>\n<ol start=\"9\">\n<li><b> Propriet\u00e0 intellettuale<\/b><b><br \/>\n<\/b><span style=\"font-weight: 400;\">9.1. Tutti i contenuti del sito Web, inclusi ma non limitati a testi, immagini, loghi e descrizioni dei prodotti, sono propriet\u00e0 intellettuale della Societ\u00e0 o dei suoi licenziatari. L&#8217;uso non autorizzato di questi contenuti \u00e8 vietato. <\/span><\/li>\n<li><b> Responsabilit\u00e0<\/b><b><br \/>\n<\/b><span style=\"font-weight: 400;\">10.1. La Societ\u00e0 non \u00e8 responsabile per eventuali danni derivanti dall&#8217;uso o dall&#8217;impossibilit\u00e0 di utilizzare il sito Web o qualsiasi prodotto acquistato tramite il sito Web, inclusi, a titolo esemplificativo ma non esaustivo, danni diretti, indiretti, incidentali, punitivi o consequenziali. <\/span><\/li>\n<li><b> Legge applicabile<\/b><b><br \/>\n<\/b><span style=\"font-weight: 400;\">11.1. I presenti termini e condizioni sono regolati e interpretati in conformit\u00e0 con le leggi italiane. Eventuali controversie derivanti da o correlate a questi termini saranno soggette alla giurisdizione esclusiva dei tribunali di <\/span><span style=\"font-weight: 400;\">Varese,<\/span><span style=\"font-weight: 400;\"> Italia.<\/span><\/li>\n<li><b> Modifiche ai Termini<\/b><b><br \/>\n<\/b><span style=\"font-weight: 400;\">12.1. La Societ\u00e0 si riserva il diritto di modificare i presenti termini e condizioni in qualsiasi momento. Eventuali modifiche entreranno in vigore immediatamente dopo la pubblicazione sul sito Web. L&#8217;uso continuato del sito Web a seguito di tali modifiche costituisce l&#8217;accettazione dei termini modificati. <\/span><\/li>\n<li><b> Informazioni di<\/b><b><br \/>\n<\/b> contatto<span style=\"font-weight: 400;\">Per qualsiasi domanda o dubbio relativo a questi Termini e Condizioni, si prega di contattarci all&#8217;indirizzo:<\/span><\/li>\n<\/ol>\n<p><b>CC Group srls<\/b><b><br \/>\n<\/b><span style=\"font-weight: 400;\">Via San Gregorio 4,<\/span><span style=\"font-weight: 400;\"><br \/>\n<\/span><span style=\"font-weight: 400;\">Busto Arsizio (VA), Italia<\/span><\/p>\n<p><span style=\"font-weight: 400;\">Partita IVA: <\/span><span style=\"font-weight: 400;\">04042090128<\/span><span style=\"font-weight: 400;\"><br \/>\n<\/span><span style=\"font-weight: 400;\">E-mail: <\/span><a href=\"mailto:info@merxfy.com\"><span style=\"font-weight: 400;\">info@merxfy.com<\/span><\/a><\/p>\n<p><span style=\"font-weight: 400;\">Telefono: +39-339 4114170<\/span><\/p>\n","protected":false},"excerpt":{"rendered":"<p>Benvenuti in Merxfy.com (di seguito &#8220;il Sito&#8221;), di propriet\u00e0 e gestito da CC Group srls, con sede in Via San<\/p>\n","protected":false},"author":3,"featured_media":0,"parent":0,"menu_order":0,"comment_status":"closed","ping_status":"closed","template":"","meta":{"footnotes":""},"class_list":["post-41730","page","type-page","status-publish","hentry"],"_links":{"self":[{"href":"https:\/\/merxfy.com\/it\/wp-json\/wp\/v2\/pages\/41730","targetHints":{"allow":["GET"]}}],"collection":[{"href":"https:\/\/merxfy.com\/it\/wp-json\/wp\/v2\/pages"}],"about":[{"href":"https:\/\/merxfy.com\/it\/wp-json\/wp\/v2\/types\/page"}],"author":[{"embeddable":true,"href":"https:\/\/merxfy.com\/it\/wp-json\/wp\/v2\/users\/3"}],"replies":[{"embeddable":true,"href":"https:\/\/merxfy.com\/it\/wp-json\/wp\/v2\/comments?post=41730"}],"version-history":[{"count":1,"href":"https:\/\/merxfy.com\/it\/wp-json\/wp\/v2\/pages\/41730\/revisions"}],"predecessor-version":[{"id":41731,"href":"https:\/\/merxfy.com\/it\/wp-json\/wp\/v2\/pages\/41730\/revisions\/41731"}],"wp:attachment":[{"href":"https:\/\/merxfy.com\/it\/wp-json\/wp\/v2\/media?parent=41730"}],"curies":[{"name":"wp","href":"https:\/\/api.w.org\/{rel}","templated":true}]}}