{"id":40491,"date":"2024-06-30T16:16:08","date_gmt":"2024-06-30T16:16:08","guid":{"rendered":"https:\/\/merxfy.com\/chi-siamo\/"},"modified":"2025-03-12T10:12:55","modified_gmt":"2025-03-12T10:12:55","slug":"chi-siamo","status":"publish","type":"page","link":"https:\/\/merxfy.com\/it\/chi-siamo\/","title":{"rendered":"Chi Siamo"},"content":{"rendered":"\t\t<div data-elementor-type=\"wp-page\" data-elementor-id=\"40491\" class=\"elementor elementor-40491 elementor-1009\">\n\t\t\t\t<div class=\"wd-negative-gap elementor-element elementor-element-b70ed34 e-flex e-con-boxed e-con e-parent\" data-id=\"b70ed34\" data-element_type=\"container\" data-e-type=\"container\">\n\t\t\t\t\t<div class=\"e-con-inner\">\n\t\t<div class=\"elementor-element elementor-element-3f5b2ce e-grid e-con-full e-con e-child\" data-id=\"3f5b2ce\" data-element_type=\"container\" data-e-type=\"container\">\n\t\t<div class=\"wd-negative-gap elementor-element elementor-element-bd70d2f e-flex e-con-boxed e-con e-child\" data-id=\"bd70d2f\" data-element_type=\"container\" data-e-type=\"container\">\n\t\t\t\t\t<div class=\"e-con-inner\">\n\t\t\t\t<div class=\"elementor-element elementor-element-200a2b4 elementor-widget elementor-widget-heading\" data-id=\"200a2b4\" data-element_type=\"widget\" data-e-type=\"widget\" data-widget_type=\"heading.default\">\n\t\t\t\t<div class=\"elementor-widget-container\">\n\t\t\t\t\t<h2 class=\"elementor-heading-title elementor-size-default\">Benvenuti nel nostro mondo di design esclusivo<\/h2>\t\t\t\t<\/div>\n\t\t\t\t<\/div>\n\t\t\t\t<div class=\"elementor-element elementor-element-7ae8e5c elementor-widget elementor-widget-heading\" data-id=\"7ae8e5c\" data-element_type=\"widget\" data-e-type=\"widget\" data-widget_type=\"heading.default\">\n\t\t\t\t<div class=\"elementor-widget-container\">\n\t\t\t\t\t<span class=\"elementor-heading-title elementor-size-default\">Da oltre 20 anni, la nostra passione per il design ci guida in uno straordinario viaggio attraverso il panorama internazionale.  \n\nL'esperienza maturata ci permette di offrire una selezione di prodotti costantemente aggiornata, sempre in linea con le ultime tendenze del design.\n\nLa nostra missione \u00e8 portare l'eleganza, la raffinatezza e l'arte del design europeo nelle case dei nostri clienti in tutto il mondo.\n\nOffrire prodotti di design di alta qualit\u00e0 a prezzi competitivi \u00e8 il nostro impegno quotidiano. Crediamo che il design debba essere accessibile a tutti, senza compromettere la qualit\u00e0 e l'estetica. Ecco perch\u00e9 lavoriamo instancabilmente per ricercare e offrire soluzioni che combinino bellezza, funzionalit\u00e0 e convenienza.  <\/span>\t\t\t\t<\/div>\n\t\t\t\t<\/div>\n\t\t\t\t\t<\/div>\n\t\t\t\t<\/div>\n\t\t\t\t<div class=\"elementor-element elementor-element-c0b8e11 elementor-widget elementor-widget-image\" data-id=\"c0b8e11\" data-element_type=\"widget\" data-e-type=\"widget\" data-widget_type=\"image.default\">\n\t\t\t\t<div class=\"elementor-widget-container\">\n\t\t\t\t\t\t\t\t\t\t\t\t\t\t\t<img loading=\"lazy\" decoding=\"async\" width=\"800\" height=\"533\" src=\"https:\/\/merxfy.com\/wp-content\/themes\/woodmart\/images\/lazy.svg\" class=\"attachment-full size-full wp-image-41825 wd-lazy-fade\" alt=\"\" srcset=\"\" sizes=\"auto, (max-width: 800px) 100vw, 800px\" data-src=\"https:\/\/merxfy.com\/wp-content\/uploads\/2025\/03\/about1.png\" data-srcset=\"https:\/\/merxfy.com\/wp-content\/uploads\/2025\/03\/about1.png 800w, https:\/\/merxfy.com\/wp-content\/uploads\/2025\/03\/about1-400x267.png 400w, https:\/\/merxfy.com\/wp-content\/uploads\/2025\/03\/about1-768x512.png 768w, https:\/\/merxfy.com\/wp-content\/uploads\/2025\/03\/about1-430x286.png 430w, https:\/\/merxfy.com\/wp-content\/uploads\/2025\/03\/about1-700x466.png 700w, https:\/\/merxfy.com\/wp-content\/uploads\/2025\/03\/about1-150x100.png 150w\" \/>\t\t\t\t\t\t\t\t\t\t\t\t\t\t\t<\/div>\n\t\t\t\t<\/div>\n\t\t\t\t<\/div>\n\t\t\t\t\t<\/div>\n\t\t\t\t<\/div>\n\t\t<div class=\"wd-negative-gap elementor-element elementor-element-c4e81f4 e-flex e-con-boxed e-con e-parent\" data-id=\"c4e81f4\" data-element_type=\"container\" data-e-type=\"container\">\n\t\t\t\t\t<div class=\"e-con-inner\">\n\t\t<div class=\"elementor-element elementor-element-d5edf25 e-grid e-con-full e-con e-child\" data-id=\"d5edf25\" data-element_type=\"container\" data-e-type=\"container\">\n\t\t\t\t<div class=\"elementor-element elementor-element-ead6720 elementor-widget elementor-widget-image\" data-id=\"ead6720\" data-element_type=\"widget\" data-e-type=\"widget\" data-widget_type=\"image.default\">\n\t\t\t\t<div class=\"elementor-widget-container\">\n\t\t\t\t\t\t\t\t\t\t\t\t\t\t\t<img loading=\"lazy\" decoding=\"async\" width=\"800\" height=\"405\" src=\"https:\/\/merxfy.com\/wp-content\/themes\/woodmart\/images\/lazy.svg\" class=\"attachment-full size-full wp-image-39532 wd-lazy-fade\" alt=\"\" srcset=\"\" sizes=\"auto, (max-width: 800px) 100vw, 800px\" data-src=\"https:\/\/merxfy.com\/wp-content\/uploads\/2024\/11\/IMG-2-1.jpg\" data-srcset=\"https:\/\/merxfy.com\/wp-content\/uploads\/2024\/11\/IMG-2-1.jpg 800w, https:\/\/merxfy.com\/wp-content\/uploads\/2024\/11\/IMG-2-1-400x203.jpg 400w, https:\/\/merxfy.com\/wp-content\/uploads\/2024\/11\/IMG-2-1-768x389.jpg 768w, https:\/\/merxfy.com\/wp-content\/uploads\/2024\/11\/IMG-2-1-430x218.jpg 430w, https:\/\/merxfy.com\/wp-content\/uploads\/2024\/11\/IMG-2-1-700x354.jpg 700w, https:\/\/merxfy.com\/wp-content\/uploads\/2024\/11\/IMG-2-1-150x76.jpg 150w\" \/>\t\t\t\t\t\t\t\t\t\t\t\t\t\t\t<\/div>\n\t\t\t\t<\/div>\n\t\t<div class=\"wd-negative-gap elementor-element elementor-element-7a52ca8 e-flex e-con-boxed e-con e-child\" data-id=\"7a52ca8\" data-element_type=\"container\" data-e-type=\"container\">\n\t\t\t\t\t<div class=\"e-con-inner\">\n\t\t\t\t<div class=\"elementor-element elementor-element-36519b9 elementor-widget elementor-widget-heading\" data-id=\"36519b9\" data-element_type=\"widget\" data-e-type=\"widget\" data-widget_type=\"heading.default\">\n\t\t\t\t<div class=\"elementor-widget-container\">\n\t\t\t\t\t<h2 class=\"elementor-heading-title elementor-size-default\">Perch\u00e9 scegliere noi?<\/h2>\t\t\t\t<\/div>\n\t\t\t\t<\/div>\n\t\t\t\t<div class=\"elementor-element elementor-element-556751c elementor-widget elementor-widget-heading\" data-id=\"556751c\" data-element_type=\"widget\" data-e-type=\"widget\" data-widget_type=\"heading.default\">\n\t\t\t\t<div class=\"elementor-widget-container\">\n\t\t\t\t\t<span class=\"elementor-heading-title elementor-size-default\"><b>Qualit\u00e0 e affidabilit\u00e0<\/b>\n<br>\nSiamo orgogliosi di offrire prodotti di altissima qualit\u00e0. La nostra dedizione alla qualit\u00e0 ci ha reso un nome di fiducia nel settore e continuiamo a migliorare per superare le aspettative dei nostri clienti. \n<br><br><b>Esperienza e competenza<\/b>\n<br>Con anni di esperienza nel settore, il nostro team di professionisti altamente qualificati ha sviluppato una profonda comprensione delle dinamiche di mercato e delle esigenze dei clienti. Inoltre, il nostro impegno per l'innovazione ci spinge a rimanere aggiornati con le ultime tendenze e gli sviluppi del settore. <\/span>\t\t\t\t<\/div>\n\t\t\t\t<\/div>\n\t\t\t\t\t<\/div>\n\t\t\t\t<\/div>\n\t\t\t\t<\/div>\n\t\t\t\t\t<\/div>\n\t\t\t\t<\/div>\n\t\t<div class=\"wd-negative-gap elementor-element elementor-element-02cbe9c e-flex e-con-boxed e-con e-parent\" data-id=\"02cbe9c\" data-element_type=\"container\" data-e-type=\"container\">\n\t\t\t\t\t<div class=\"e-con-inner\">\n\t\t<div class=\"elementor-element elementor-element-959d5f7 e-grid e-con-full e-con e-child\" data-id=\"959d5f7\" data-element_type=\"container\" data-e-type=\"container\">\n\t\t<div class=\"wd-negative-gap elementor-element elementor-element-712fd7c e-flex e-con-boxed e-con e-child\" data-id=\"712fd7c\" data-element_type=\"container\" data-e-type=\"container\">\n\t\t\t\t\t<div class=\"e-con-inner\">\n\t\t\t\t<div class=\"elementor-element elementor-element-e421a18 elementor-widget elementor-widget-heading\" data-id=\"e421a18\" data-element_type=\"widget\" data-e-type=\"widget\" data-widget_type=\"heading.default\">\n\t\t\t\t<div class=\"elementor-widget-container\">\n\t\t\t\t\t<h2 class=\"elementor-heading-title elementor-size-default\">Eccellente servizio clienti e prezzi competitivi\n\n<\/h2>\t\t\t\t<\/div>\n\t\t\t\t<\/div>\n\t\t\t\t<div class=\"elementor-element elementor-element-36cdc4e elementor-widget elementor-widget-heading\" data-id=\"36cdc4e\" data-element_type=\"widget\" data-e-type=\"widget\" data-widget_type=\"heading.default\">\n\t\t\t\t<div class=\"elementor-widget-container\">\n\t\t\t\t\t<span class=\"elementor-heading-title elementor-size-default\">Crediamo che un ottimo servizio clienti sia la chiave del nostro successo. Siamo sempre disponibili a rispondere alle domande, risolvere problemi e fornire supporto. La soddisfazione del cliente \u00e8 la nostra priorit\u00e0 e facciamo tutto il possibile per garantire che ogni esperienza con noi sia positiva e senza stress.  \n\nGrazie alla nostra efficienza operativa e alla nostra rete di fornitori, siamo in grado di mantenere prezzi competitivi senza compromettere la qualit\u00e0. Con noi, puoi essere sicuro di ottenere un valore eccezionale per il tuo investimento. <\/span>\t\t\t\t<\/div>\n\t\t\t\t<\/div>\n\t\t\t\t\t<\/div>\n\t\t\t\t<\/div>\n\t\t\t\t<div class=\"elementor-element elementor-element-4e95194 elementor-widget elementor-widget-image\" data-id=\"4e95194\" data-element_type=\"widget\" data-e-type=\"widget\" data-widget_type=\"image.default\">\n\t\t\t\t<div class=\"elementor-widget-container\">\n\t\t\t\t\t\t\t\t\t\t\t\t\t\t\t<img loading=\"lazy\" decoding=\"async\" width=\"1920\" height=\"1365\" src=\"https:\/\/merxfy.com\/wp-content\/themes\/woodmart\/images\/lazy.svg\" class=\"attachment-full size-full wp-image-39515 wd-lazy-fade\" alt=\"\" srcset=\"\" sizes=\"auto, (max-width: 1920px) 100vw, 1920px\" data-src=\"https:\/\/merxfy.com\/wp-content\/uploads\/2024\/10\/IMG-3.jpg\" data-srcset=\"https:\/\/merxfy.com\/wp-content\/uploads\/2024\/10\/IMG-3.jpg 1920w, https:\/\/merxfy.com\/wp-content\/uploads\/2024\/10\/IMG-3-400x284.jpg 400w, https:\/\/merxfy.com\/wp-content\/uploads\/2024\/10\/IMG-3-1125x800.jpg 1125w, https:\/\/merxfy.com\/wp-content\/uploads\/2024\/10\/IMG-3-768x546.jpg 768w, https:\/\/merxfy.com\/wp-content\/uploads\/2024\/10\/IMG-3-1536x1092.jpg 1536w, https:\/\/merxfy.com\/wp-content\/uploads\/2024\/10\/IMG-3-430x306.jpg 430w, https:\/\/merxfy.com\/wp-content\/uploads\/2024\/10\/IMG-3-700x498.jpg 700w, https:\/\/merxfy.com\/wp-content\/uploads\/2024\/10\/IMG-3-150x107.jpg 150w\" \/>\t\t\t\t\t\t\t\t\t\t\t\t\t\t\t<\/div>\n\t\t\t\t<\/div>\n\t\t\t\t<\/div>\n\t\t\t\t\t<\/div>\n\t\t\t\t<\/div>\n\t\t<div class=\"wd-negative-gap elementor-element elementor-element-5036bf0 e-flex e-con-boxed e-con e-parent\" data-id=\"5036bf0\" data-element_type=\"container\" data-e-type=\"container\">\n\t\t\t\t\t<div class=\"e-con-inner\">\n\t\t<div class=\"elementor-element elementor-element-fc36616 e-grid e-con-full e-con e-child\" data-id=\"fc36616\" data-element_type=\"container\" data-e-type=\"container\">\n\t\t\t\t<div class=\"elementor-element elementor-element-ac6cf80 elementor-widget elementor-widget-image\" data-id=\"ac6cf80\" data-element_type=\"widget\" data-e-type=\"widget\" data-widget_type=\"image.default\">\n\t\t\t\t<div class=\"elementor-widget-container\">\n\t\t\t\t\t\t\t\t\t\t\t\t\t\t\t<img loading=\"lazy\" decoding=\"async\" width=\"1920\" height=\"1280\" src=\"https:\/\/merxfy.com\/wp-content\/themes\/woodmart\/images\/lazy.svg\" class=\"attachment-full size-full wp-image-39516 wd-lazy-fade\" alt=\"\" srcset=\"\" sizes=\"auto, (max-width: 1920px) 100vw, 1920px\" data-src=\"https:\/\/merxfy.com\/wp-content\/uploads\/2024\/10\/IMG-4.jpg\" data-srcset=\"https:\/\/merxfy.com\/wp-content\/uploads\/2024\/10\/IMG-4.jpg 1920w, https:\/\/merxfy.com\/wp-content\/uploads\/2024\/10\/IMG-4-400x267.jpg 400w, https:\/\/merxfy.com\/wp-content\/uploads\/2024\/10\/IMG-4-1200x800.jpg 1200w, https:\/\/merxfy.com\/wp-content\/uploads\/2024\/10\/IMG-4-768x512.jpg 768w, https:\/\/merxfy.com\/wp-content\/uploads\/2024\/10\/IMG-4-1536x1024.jpg 1536w, https:\/\/merxfy.com\/wp-content\/uploads\/2024\/10\/IMG-4-430x287.jpg 430w, https:\/\/merxfy.com\/wp-content\/uploads\/2024\/10\/IMG-4-700x467.jpg 700w, https:\/\/merxfy.com\/wp-content\/uploads\/2024\/10\/IMG-4-150x100.jpg 150w\" \/>\t\t\t\t\t\t\t\t\t\t\t\t\t\t\t<\/div>\n\t\t\t\t<\/div>\n\t\t<div class=\"wd-negative-gap elementor-element elementor-element-86b03fa e-flex e-con-boxed e-con e-child\" data-id=\"86b03fa\" data-element_type=\"container\" data-e-type=\"container\">\n\t\t\t\t\t<div class=\"e-con-inner\">\n\t\t\t\t<div class=\"elementor-element elementor-element-b4b6d33 elementor-widget elementor-widget-heading\" data-id=\"b4b6d33\" data-element_type=\"widget\" data-e-type=\"widget\" data-widget_type=\"heading.default\">\n\t\t\t\t<div class=\"elementor-widget-container\">\n\t\t\t\t\t<h2 class=\"elementor-heading-title elementor-size-default\">Contattaci<\/h2>\t\t\t\t<\/div>\n\t\t\t\t<\/div>\n\t\t\t\t<div class=\"elementor-element elementor-element-b92f0f1 elementor-widget elementor-widget-heading\" data-id=\"b92f0f1\" data-element_type=\"widget\" data-e-type=\"widget\" data-widget_type=\"heading.default\">\n\t\t\t\t<div class=\"elementor-widget-container\">\n\t\t\t\t\t<span class=\"elementor-heading-title elementor-size-default\">Per qualsiasi domanda o richiesta particolare, non esitare a contattarci. Il nostro team \u00e8 sempre pronto ad assisterti e a rendere la tua esperienza di acquisto piacevole e appagante. <\/span>\t\t\t\t<\/div>\n\t\t\t\t<\/div>\n\t\t\t\t<div class=\"elementor-element elementor-element-2ed218c elementor-widget elementor-widget-button\" data-id=\"2ed218c\" data-element_type=\"widget\" data-e-type=\"widget\" data-widget_type=\"button.default\">\n\t\t\t\t<div class=\"elementor-widget-container\">\n\t\t\t\t\t\t\t\t\t<div class=\"elementor-button-wrapper\">\n\t\t\t\t\t<a class=\"elementor-button elementor-button-link elementor-size-sm\" href=\"https:\/\/merxfy.com\/it\/contattaci\/\">\n\t\t\t\t\t\t<span class=\"elementor-button-content-wrapper\">\n\t\t\t\t\t\t<span class=\"elementor-button-icon\">\n\t\t\t\t<svg aria-hidden=\"true\" class=\"e-font-icon-svg e-far-arrow-alt-circle-right\" viewBox=\"0 0 512 512\" xmlns=\"http:\/\/www.w3.org\/2000\/svg\"><path d=\"M504 256C504 119 393 8 256 8S8 119 8 256s111 248 248 248 248-111 248-248zm-448 0c0-110.5 89.5-200 200-200s200 89.5 200 200-89.5 200-200 200S56 366.5 56 256zm72 20v-40c0-6.6 5.4-12 12-12h116v-67c0-10.7 12.9-16 20.5-8.5l99 99c4.7 4.7 4.7 12.3 0 17l-99 99c-7.6 7.6-20.5 2.2-20.5-8.5v-67H140c-6.6 0-12-5.4-12-12z\"><\/path><\/svg>\t\t\t<\/span>\n\t\t\t\t\t\t\t\t\t<span class=\"elementor-button-text\">Contattaci<\/span>\n\t\t\t\t\t<\/span>\n\t\t\t\t\t<\/a>\n\t\t\t\t<\/div>\n\t\t\t\t\t\t\t\t<\/div>\n\t\t\t\t<\/div>\n\t\t\t\t\t<\/div>\n\t\t\t\t<\/div>\n\t\t\t\t<\/div>\n\t\t\t\t\t<\/div>\n\t\t\t\t<\/div>\n\t\t\t\t<\/div>\n\t\t","protected":false},"excerpt":{"rendered":"<p>Benvenuti nel nostro mondo di design esclusivo Da oltre 20 anni, la nostra passione per il design ci guida in<\/p>\n","protected":false},"author":3,"featured_media":0,"parent":0,"menu_order":0,"comment_status":"closed","ping_status":"closed","template":"","meta":{"footnotes":""},"class_list":["post-40491","page","type-page","status-publish","hentry"],"_links":{"self":[{"href":"https:\/\/merxfy.com\/it\/wp-json\/wp\/v2\/pages\/40491","targetHints":{"allow":["GET"]}}],"collection":[{"href":"https:\/\/merxfy.com\/it\/wp-json\/wp\/v2\/pages"}],"about":[{"href":"https:\/\/merxfy.com\/it\/wp-json\/wp\/v2\/types\/page"}],"author":[{"embeddable":true,"href":"https:\/\/merxfy.com\/it\/wp-json\/wp\/v2\/users\/3"}],"replies":[{"embeddable":true,"href":"https:\/\/merxfy.com\/it\/wp-json\/wp\/v2\/comments?post=40491"}],"version-history":[{"count":12,"href":"https:\/\/merxfy.com\/it\/wp-json\/wp\/v2\/pages\/40491\/revisions"}],"predecessor-version":[{"id":41840,"href":"https:\/\/merxfy.com\/it\/wp-json\/wp\/v2\/pages\/40491\/revisions\/41840"}],"wp:attachment":[{"href":"https:\/\/merxfy.com\/it\/wp-json\/wp\/v2\/media?parent=40491"}],"curies":[{"name":"wp","href":"https:\/\/api.w.org\/{rel}","templated":true}]}}